{"id":7572,"date":"2025-03-17T12:17:10","date_gmt":"2025-03-17T08:17:10","guid":{"rendered":"https:\/\/www.interactivemedia.az\/?page_id=7572"},"modified":"2025-03-17T12:19:50","modified_gmt":"2025-03-17T08:19:50","slug":"video-clip-2d-3d-animation-production","status":"publish","type":"page","link":"https:\/\/www.interactivemedia.az\/en\/services\/video-clip-2d-3d-animation-production\/","title":{"rendered":"Video Clip, 2D, 3D Animation Production"},"content":{"rendered":"<div data-elementor-type=\"wp-post\" data-elementor-id=\"7572\" class=\"elementor elementor-7572\" data-elementor-post-type=\"page\">\n\t\t\t\t\t\t<section class=\"elementor-section elementor-top-section elementor-element elementor-element-2fbb4986 elementor-section-boxed elementor-section-height-default elementor-section-height-default\" data-id=\"2fbb4986\" data-element_type=\"section\" data-e-type=\"section\">\n\t\t\t\t\t\t<div class=\"elementor-container elementor-column-gap-default\">\n\t\t\t\t\t<div class=\"elementor-column elementor-col-100 elementor-top-column elementor-element elementor-element-15e58b22\" data-id=\"15e58b22\" data-element_type=\"column\" data-e-type=\"column\">\n\t\t\t<div class=\"elementor-widget-wrap elementor-element-populated\">\n\t\t\t\t\t\t<div class=\"elementor-element elementor-element-58b8f4f9 elementor-widget elementor-widget-text-editor\" data-id=\"58b8f4f9\" data-element_type=\"widget\" data-e-type=\"widget\" data-widget_type=\"text-editor.default\">\n\t\t\t\t<div class=\"elementor-widget-container\">\n\t\t\t\t\t\t\t\t\t<p><img fetchpriority=\"high\" decoding=\"async\" class=\"alignright wp-image-4066\" src=\"https:\/\/www.interactivemedia.az\/wp-content\/uploads\/2019\/05\/kamera.jpg\" alt=\"video rolik hazirlanmasi video rolik hazirlamaq video rolik duzeltmek\" width=\"568\" height=\"379\" srcset=\"https:\/\/www.interactivemedia.az\/wp-content\/uploads\/2019\/05\/kamera.jpg 5616w, https:\/\/www.interactivemedia.az\/wp-content\/uploads\/2019\/05\/kamera-300x200.jpg 300w, https:\/\/www.interactivemedia.az\/wp-content\/uploads\/2019\/05\/kamera-768x512.jpg 768w, https:\/\/www.interactivemedia.az\/wp-content\/uploads\/2019\/05\/kamera-1024x683.jpg 1024w\" sizes=\"(max-width: 568px) 100vw, 568px\" \/><\/p><p data-start=\"29\" data-end=\"219\">In the modern era, video clips have become one of the crucial parts of online marketing. Video clips, which combine both sound and visual elements, have many advantages over images and text:<\/p><p data-start=\"221\" data-end=\"1079\">Research shows that modern customers are more interested in watching video clips, with 30% of customers deciding to purchase a product after watching its relevant video clip.<br data-start=\"395\" data-end=\"398\" \/>Video clips can provide more detailed information about a product, service, or company. This is enough to inform even completely unaware viewers.<br data-start=\"543\" data-end=\"546\" \/>Unlike other advertising methods, video has an emotional impact. Establishing an emotional connection with viewers helps to make a lasting impression on them.<br data-start=\"704\" data-end=\"707\" \/>Search engines rely on algorithms that prioritize video clips during searches. This results in video clips ranking higher for certain keywords and being directed towards the correct target audience.<br data-start=\"905\" data-end=\"908\" \/>Creating video clips is ideal for transmitting more information in a short amount of time. It is easier and faster for viewers to watch a video than to read lengthy texts.<\/p><p data-start=\"1081\" data-end=\"1311\">Entrusting the task of creating video clips to professionals is extremely important in terms of the quality of the final product. There are several factors to consider in the video production process. Let\u2019s focus on some of these:<\/p><p data-start=\"1313\" data-end=\"2566\">Content creation is the most crucial part of the video clip production process. For a video clip to perform well and fulfill its purpose, it must have unique content that directly addresses the target audience. Repetitive content or similarities to competitors&#8217; content are among the most common mistakes in video production.<br data-start=\"1638\" data-end=\"1641\" \/>When creating a video clip, it is important to decide on the duration based on the video\u2019s purpose, target group, and where it will be shared. The video should have an optimal length to capture viewers&#8217; attention, remain memorable, and effectively deliver the necessary information.<br data-start=\"1923\" data-end=\"1926\" \/>Text is also used in the creation of video clips. The writing should clearly and concisely express the main goal of the video or information about the offered service\/product. It is vital that the text is attention-grabbing without overwhelming the viewers and while allowing the visual elements to stand out.<br data-start=\"2235\" data-end=\"2238\" \/>Voiceover is another important aspect of video clip production. The voiceover must be simple and understandable for the target group. One of the main issues in many company video clips is the use of technical language in the voiceover. Videos that are difficult to understand or too technical do not deliver the desired results.<\/p><p data-start=\"2568\" data-end=\"2884\">Our professional team offers high-quality video clip production services, taking into account all of the above details and tailoring the videos to your preferences, business, and goals. Affordable prices, quick production, and results that meet expectations are the key features of our video clip production service.<\/p><p data-start=\"2886\" data-end=\"2974\"><strong>You can visit our YouTube page to check out examples of the video clips we have created!<\/strong><\/p>\t\t\t\t\t\t\t\t<\/div>\n\t\t\t\t<\/div>\n\t\t\t\t\t<\/div>\n\t\t<\/div>\n\t\t\t\t\t<\/div>\n\t\t<\/section>\n\t\t\t\t<\/div>","protected":false},"excerpt":{"rendered":"<p>In the modern era, video clips have become one of the crucial parts of online marketing. Video clips, which combine both sound and visual elements, have many advantages over images and text: Research shows that modern customers are more interested in watching video clips, with 30% of customers deciding to purchase a product after watching [&hellip;]<\/p>\n","protected":false},"author":1,"featured_media":4066,"parent":7436,"menu_order":0,"comment_status":"closed","ping_status":"closed","template":"template\/template-full-width.php","meta":{"footnotes":""},"class_list":["post-7572","page","type-page","status-publish","has-post-thumbnail","hentry"],"yoast_head":"<!-- This site is optimized with the Yoast SEO plugin v27.1.1 - https:\/\/yoast.com\/product\/yoast-seo-wordpress\/ -->\n<title>Video Clip, 2D, 3D Animation Production - Interactive Media<\/title>\n<meta name=\"robots\" content=\"index, follow, max-snippet:-1, max-image-preview:large, max-video-preview:-1\" \/>\n<link rel=\"canonical\" href=\"https:\/\/www.interactivemedia.az\/en\/services\/video-clip-2d-3d-animation-production\/\" \/>\n<meta property=\"og:locale\" content=\"en_US\" \/>\n<meta property=\"og:type\" content=\"article\" \/>\n<meta property=\"og:title\" content=\"Video Clip, 2D, 3D Animation Production - Interactive Media\" \/>\n<meta property=\"og:description\" content=\"In the modern era, video clips have become one of the crucial parts of online marketing. Video clips, which combine both sound and visual elements, have many advantages over images and text: Research shows that modern customers are more interested in watching video clips, with 30% of customers deciding to purchase a product after watching [&hellip;]\" \/>\n<meta property=\"og:url\" content=\"https:\/\/www.interactivemedia.az\/en\/services\/video-clip-2d-3d-animation-production\/\" \/>\n<meta property=\"og:site_name\" content=\"Interactive Media\" \/>\n<meta property=\"article:publisher\" content=\"https:\/\/www.facebook.com\/interactivemediaa\/\" \/>\n<meta property=\"article:modified_time\" content=\"2025-03-17T08:19:50+00:00\" \/>\n<meta property=\"og:image\" content=\"https:\/\/www.interactivemedia.az\/wp-content\/uploads\/2019\/05\/kamera.jpg\" \/>\n\t<meta property=\"og:image:width\" content=\"5616\" \/>\n\t<meta property=\"og:image:height\" content=\"3744\" \/>\n\t<meta property=\"og:image:type\" content=\"image\/jpeg\" \/>\n<meta name=\"twitter:card\" content=\"summary_large_image\" \/>\n<meta name=\"twitter:site\" content=\"@media_baku\" \/>\n<meta name=\"twitter:label1\" content=\"Est. reading time\" \/>\n\t<meta name=\"twitter:data1\" content=\"3 minutes\" \/>\n<script type=\"application\/ld+json\" class=\"yoast-schema-graph\">{\"@context\":\"https:\/\/schema.org\",\"@graph\":[{\"@type\":\"WebPage\",\"@id\":\"https:\/\/www.interactivemedia.az\/en\/services\/video-clip-2d-3d-animation-production\/\",\"url\":\"https:\/\/www.interactivemedia.az\/en\/services\/video-clip-2d-3d-animation-production\/\",\"name\":\"Video Clip, 2D, 3D Animation Production - Interactive Media\",\"isPartOf\":{\"@id\":\"https:\/\/www.interactivemedia.az\/en\/#website\"},\"primaryImageOfPage\":{\"@id\":\"https:\/\/www.interactivemedia.az\/en\/services\/video-clip-2d-3d-animation-production\/#primaryimage\"},\"image\":{\"@id\":\"https:\/\/www.interactivemedia.az\/en\/services\/video-clip-2d-3d-animation-production\/#primaryimage\"},\"thumbnailUrl\":\"https:\/\/www.interactivemedia.az\/wp-content\/uploads\/2019\/05\/kamera.jpg\",\"datePublished\":\"2025-03-17T08:17:10+00:00\",\"dateModified\":\"2025-03-17T08:19:50+00:00\",\"breadcrumb\":{\"@id\":\"https:\/\/www.interactivemedia.az\/en\/services\/video-clip-2d-3d-animation-production\/#breadcrumb\"},\"inLanguage\":\"en-US\",\"potentialAction\":[{\"@type\":\"ReadAction\",\"target\":[\"https:\/\/www.interactivemedia.az\/en\/services\/video-clip-2d-3d-animation-production\/\"]}]},{\"@type\":\"ImageObject\",\"inLanguage\":\"en-US\",\"@id\":\"https:\/\/www.interactivemedia.az\/en\/services\/video-clip-2d-3d-animation-production\/#primaryimage\",\"url\":\"https:\/\/www.interactivemedia.az\/wp-content\/uploads\/2019\/05\/kamera.jpg\",\"contentUrl\":\"https:\/\/www.interactivemedia.az\/wp-content\/uploads\/2019\/05\/kamera.jpg\",\"width\":5616,\"height\":3744,\"caption\":\"video rolik hazirlanmasi video rolik hazirlamaq video rolik duzeltmek\"},{\"@type\":\"BreadcrumbList\",\"@id\":\"https:\/\/www.interactivemedia.az\/en\/services\/video-clip-2d-3d-animation-production\/#breadcrumb\",\"itemListElement\":[{\"@type\":\"ListItem\",\"position\":1,\"name\":\"Ana S\u0259hif\u0259\",\"item\":\"https:\/\/www.interactivemedia.az\/en\/\"},{\"@type\":\"ListItem\",\"position\":2,\"name\":\"Services\",\"item\":\"https:\/\/www.interactivemedia.az\/en\/services\/\"},{\"@type\":\"ListItem\",\"position\":3,\"name\":\"Video Clip, 2D, 3D Animation Production\"}]},{\"@type\":\"WebSite\",\"@id\":\"https:\/\/www.interactivemedia.az\/en\/#website\",\"url\":\"https:\/\/www.interactivemedia.az\/en\/\",\"name\":\"Interactive Media\",\"description\":\"Saytlar\u0131n Haz\u0131rlanmas\u0131, Sayt Haz\u0131rlanmas\u0131\",\"publisher\":{\"@id\":\"https:\/\/www.interactivemedia.az\/en\/#organization\"},\"alternateName\":\"Saytlar\u0131n Haz\u0131rlanmas\u0131\",\"potentialAction\":[{\"@type\":\"SearchAction\",\"target\":{\"@type\":\"EntryPoint\",\"urlTemplate\":\"https:\/\/www.interactivemedia.az\/en\/?s={search_term_string}\"},\"query-input\":{\"@type\":\"PropertyValueSpecification\",\"valueRequired\":true,\"valueName\":\"search_term_string\"}}],\"inLanguage\":\"en-US\"},{\"@type\":\"Organization\",\"@id\":\"https:\/\/www.interactivemedia.az\/en\/#organization\",\"name\":\"Interactive Media\",\"url\":\"https:\/\/www.interactivemedia.az\/en\/\",\"logo\":{\"@type\":\"ImageObject\",\"inLanguage\":\"en-US\",\"@id\":\"https:\/\/www.interactivemedia.az\/en\/#\/schema\/logo\/image\/\",\"url\":\"https:\/\/www.interactivemedia.az\/wp-content\/uploads\/2018\/11\/interactivemedia_logo.png\",\"contentUrl\":\"https:\/\/www.interactivemedia.az\/wp-content\/uploads\/2018\/11\/interactivemedia_logo.png\",\"width\":181,\"height\":77,\"caption\":\"Interactive Media\"},\"image\":{\"@id\":\"https:\/\/www.interactivemedia.az\/en\/#\/schema\/logo\/image\/\"},\"sameAs\":[\"https:\/\/www.facebook.com\/interactivemediaa\/\",\"https:\/\/x.com\/media_baku\"]}]}<\/script>\n<!-- \/ Yoast SEO plugin. -->","yoast_head_json":{"title":"Video Clip, 2D, 3D Animation Production - Interactive Media","robots":{"index":"index","follow":"follow","max-snippet":"max-snippet:-1","max-image-preview":"max-image-preview:large","max-video-preview":"max-video-preview:-1"},"canonical":"https:\/\/www.interactivemedia.az\/en\/services\/video-clip-2d-3d-animation-production\/","og_locale":"en_US","og_type":"article","og_title":"Video Clip, 2D, 3D Animation Production - Interactive Media","og_description":"In the modern era, video clips have become one of the crucial parts of online marketing. Video clips, which combine both sound and visual elements, have many advantages over images and text: Research shows that modern customers are more interested in watching video clips, with 30% of customers deciding to purchase a product after watching [&hellip;]","og_url":"https:\/\/www.interactivemedia.az\/en\/services\/video-clip-2d-3d-animation-production\/","og_site_name":"Interactive Media","article_publisher":"https:\/\/www.facebook.com\/interactivemediaa\/","article_modified_time":"2025-03-17T08:19:50+00:00","og_image":[{"width":5616,"height":3744,"url":"https:\/\/www.interactivemedia.az\/wp-content\/uploads\/2019\/05\/kamera.jpg","type":"image\/jpeg"}],"twitter_card":"summary_large_image","twitter_site":"@media_baku","twitter_misc":{"Est. reading time":"3 minutes"},"schema":{"@context":"https:\/\/schema.org","@graph":[{"@type":"WebPage","@id":"https:\/\/www.interactivemedia.az\/en\/services\/video-clip-2d-3d-animation-production\/","url":"https:\/\/www.interactivemedia.az\/en\/services\/video-clip-2d-3d-animation-production\/","name":"Video Clip, 2D, 3D Animation Production - Interactive Media","isPartOf":{"@id":"https:\/\/www.interactivemedia.az\/en\/#website"},"primaryImageOfPage":{"@id":"https:\/\/www.interactivemedia.az\/en\/services\/video-clip-2d-3d-animation-production\/#primaryimage"},"image":{"@id":"https:\/\/www.interactivemedia.az\/en\/services\/video-clip-2d-3d-animation-production\/#primaryimage"},"thumbnailUrl":"https:\/\/www.interactivemedia.az\/wp-content\/uploads\/2019\/05\/kamera.jpg","datePublished":"2025-03-17T08:17:10+00:00","dateModified":"2025-03-17T08:19:50+00:00","breadcrumb":{"@id":"https:\/\/www.interactivemedia.az\/en\/services\/video-clip-2d-3d-animation-production\/#breadcrumb"},"inLanguage":"en-US","potentialAction":[{"@type":"ReadAction","target":["https:\/\/www.interactivemedia.az\/en\/services\/video-clip-2d-3d-animation-production\/"]}]},{"@type":"ImageObject","inLanguage":"en-US","@id":"https:\/\/www.interactivemedia.az\/en\/services\/video-clip-2d-3d-animation-production\/#primaryimage","url":"https:\/\/www.interactivemedia.az\/wp-content\/uploads\/2019\/05\/kamera.jpg","contentUrl":"https:\/\/www.interactivemedia.az\/wp-content\/uploads\/2019\/05\/kamera.jpg","width":5616,"height":3744,"caption":"video rolik hazirlanmasi video rolik hazirlamaq video rolik duzeltmek"},{"@type":"BreadcrumbList","@id":"https:\/\/www.interactivemedia.az\/en\/services\/video-clip-2d-3d-animation-production\/#breadcrumb","itemListElement":[{"@type":"ListItem","position":1,"name":"Ana S\u0259hif\u0259","item":"https:\/\/www.interactivemedia.az\/en\/"},{"@type":"ListItem","position":2,"name":"Services","item":"https:\/\/www.interactivemedia.az\/en\/services\/"},{"@type":"ListItem","position":3,"name":"Video Clip, 2D, 3D Animation Production"}]},{"@type":"WebSite","@id":"https:\/\/www.interactivemedia.az\/en\/#website","url":"https:\/\/www.interactivemedia.az\/en\/","name":"Interactive Media","description":"Saytlar\u0131n Haz\u0131rlanmas\u0131, Sayt Haz\u0131rlanmas\u0131","publisher":{"@id":"https:\/\/www.interactivemedia.az\/en\/#organization"},"alternateName":"Saytlar\u0131n Haz\u0131rlanmas\u0131","potentialAction":[{"@type":"SearchAction","target":{"@type":"EntryPoint","urlTemplate":"https:\/\/www.interactivemedia.az\/en\/?s={search_term_string}"},"query-input":{"@type":"PropertyValueSpecification","valueRequired":true,"valueName":"search_term_string"}}],"inLanguage":"en-US"},{"@type":"Organization","@id":"https:\/\/www.interactivemedia.az\/en\/#organization","name":"Interactive Media","url":"https:\/\/www.interactivemedia.az\/en\/","logo":{"@type":"ImageObject","inLanguage":"en-US","@id":"https:\/\/www.interactivemedia.az\/en\/#\/schema\/logo\/image\/","url":"https:\/\/www.interactivemedia.az\/wp-content\/uploads\/2018\/11\/interactivemedia_logo.png","contentUrl":"https:\/\/www.interactivemedia.az\/wp-content\/uploads\/2018\/11\/interactivemedia_logo.png","width":181,"height":77,"caption":"Interactive Media"},"image":{"@id":"https:\/\/www.interactivemedia.az\/en\/#\/schema\/logo\/image\/"},"sameAs":["https:\/\/www.facebook.com\/interactivemediaa\/","https:\/\/x.com\/media_baku"]}]}},"_links":{"self":[{"href":"https:\/\/www.interactivemedia.az\/en\/wp-json\/wp\/v2\/pages\/7572","targetHints":{"allow":["GET"]}}],"collection":[{"href":"https:\/\/www.interactivemedia.az\/en\/wp-json\/wp\/v2\/pages"}],"about":[{"href":"https:\/\/www.interactivemedia.az\/en\/wp-json\/wp\/v2\/types\/page"}],"author":[{"embeddable":true,"href":"https:\/\/www.interactivemedia.az\/en\/wp-json\/wp\/v2\/users\/1"}],"replies":[{"embeddable":true,"href":"https:\/\/www.interactivemedia.az\/en\/wp-json\/wp\/v2\/comments?post=7572"}],"version-history":[{"count":4,"href":"https:\/\/www.interactivemedia.az\/en\/wp-json\/wp\/v2\/pages\/7572\/revisions"}],"predecessor-version":[{"id":7578,"href":"https:\/\/www.interactivemedia.az\/en\/wp-json\/wp\/v2\/pages\/7572\/revisions\/7578"}],"up":[{"embeddable":true,"href":"https:\/\/www.interactivemedia.az\/en\/wp-json\/wp\/v2\/pages\/7436"}],"wp:featuredmedia":[{"embeddable":true,"href":"https:\/\/www.interactivemedia.az\/en\/wp-json\/wp\/v2\/media\/4066"}],"wp:attachment":[{"href":"https:\/\/www.interactivemedia.az\/en\/wp-json\/wp\/v2\/media?parent=7572"}],"curies":[{"name":"wp","href":"https:\/\/api.w.org\/{rel}","templated":true}]}}