{"id":7561,"date":"2025-03-17T12:08:11","date_gmt":"2025-03-17T08:08:11","guid":{"rendered":"https:\/\/www.interactivemedia.az\/?page_id=7561"},"modified":"2025-03-17T12:13:17","modified_gmt":"2025-03-17T08:13:17","slug":"website-analysis","status":"publish","type":"page","link":"https:\/\/www.interactivemedia.az\/en\/services\/website-analysis\/","title":{"rendered":"Website Analysis"},"content":{"rendered":"<div data-elementor-type=\"wp-post\" data-elementor-id=\"7561\" class=\"elementor elementor-7561\">\n\t\t\t\t\t\t<section class=\"elementor-section elementor-top-section elementor-element elementor-element-2ceb536 elementor-section-boxed elementor-section-height-default elementor-section-height-default\" data-id=\"2ceb536\" data-element_type=\"section\" data-e-type=\"section\">\n\t\t\t\t\t\t<div class=\"elementor-container elementor-column-gap-default\">\n\t\t\t\t\t<div class=\"elementor-column elementor-col-100 elementor-top-column elementor-element elementor-element-9bc8618\" data-id=\"9bc8618\" data-element_type=\"column\" data-e-type=\"column\">\n\t\t\t<div class=\"elementor-widget-wrap elementor-element-populated\">\n\t\t\t\t\t\t<div class=\"elementor-element elementor-element-d66126b elementor-widget elementor-widget-text-editor\" data-id=\"d66126b\" data-element_type=\"widget\" data-e-type=\"widget\" data-widget_type=\"text-editor.default\">\n\t\t\t\t<div class=\"elementor-widget-container\">\n\t\t\t\t\t\t\t\t\t<p><img fetchpriority=\"high\" decoding=\"async\" class=\"alignright wp-image-3325\" src=\"https:\/\/www.interactivemedia.az\/wp-content\/uploads\/2018\/11\/yazi-duzeliw.png\" alt=\"\" width=\"500\" height=\"375\" srcset=\"https:\/\/www.interactivemedia.az\/wp-content\/uploads\/2018\/11\/yazi-duzeliw.png 1000w, https:\/\/www.interactivemedia.az\/wp-content\/uploads\/2018\/11\/yazi-duzeliw-300x225.png 300w, https:\/\/www.interactivemedia.az\/wp-content\/uploads\/2018\/11\/yazi-duzeliw-768x576.png 768w\" sizes=\"(max-width: 500px) 100vw, 500px\" \/><\/p><p data-start=\"29\" data-end=\"599\">Currently, most businesses have their own websites. One of the primary marketing activities of these businesses is to increase the traffic to their websites. By using the website analysis service we offer, you have the opportunity to analyze your entire online presence, measure website performance, and take necessary steps to increase visitor numbers. With this service, we will help you explore and analyze the most profitable advertising strategies and minimize the money spent on advertising campaigns. Below is some of the information that will be provided to you.<\/p><p data-start=\"601\" data-end=\"917\"><strong>You will receive details such as the number of visits to your website throughout the day, statistics on new and returning visitors, the page with the most time spent, the most abandoned page, etc.<\/strong> In this way, you will gain a detailed understanding of your website\u2019s overall performance over the day, week, or month.<\/p><p data-start=\"919\" data-end=\"1262\"><strong>You will learn through which links users entered your site (Social media, Google search ads, Google search results, URL, etc.).<\/strong> By knowing which channels visitors come from, you will not only understand which channels your advertisement is effective on but also have the ability to analyze the overall performance of your marketing activities.<\/p><p data-start=\"1264\" data-end=\"1500\"><strong>You will know from which region the users entered.<\/strong> By knowing which region your website visitors are coming from, you can estimate where your potential customers are located and which region your marketing efforts are more effective in.<\/p><p data-start=\"1502\" data-end=\"1744\"><strong>You will learn which products the users viewed on your page and which products they purchased.<\/strong> If you own an online store, you can identify which products are liked by potential customers and increase your sales by focusing on those products.<\/p><p data-start=\"1746\" data-end=\"2144\"><strong>You will receive information about the keywords your website visitors have written and the websites that refer to yours.<\/strong> Most businesses spend thousands of dollars on SEO (Search Engine Optimization) to be discoverable in search engines. Here, keywords and referring websites (backlinks) are key elements. We will help you analyze your SEO activities by providing detailed information in this area.<\/p><p data-start=\"2146\" data-end=\"2457\"><strong>You will learn what percentage of your website visitors use which devices (mobile, tablet, computer).<\/strong> With this information, you can further improve your website\u2019s design for mobile or computer devices and strengthen your marketing efforts on any device by getting to know your potential customers more closely.<\/p>\t\t\t\t\t\t\t\t<\/div>\n\t\t\t\t<\/div>\n\t\t\t\t\t<\/div>\n\t\t<\/div>\n\t\t\t\t\t<\/div>\n\t\t<\/section>\n\t\t\t\t<\/div>","protected":false},"excerpt":{"rendered":"<p>Currently, most businesses have their own websites. One of the primary marketing activities of these businesses is to increase the traffic to their websites. By using the website analysis service we offer, you have the opportunity to analyze your entire online presence, measure website performance, and take necessary steps to increase visitor numbers. With this [&hellip;]<\/p>\n","protected":false},"author":1,"featured_media":3325,"parent":7436,"menu_order":0,"comment_status":"closed","ping_status":"closed","template":"template\/template-full-width.php","meta":{"footnotes":""},"class_list":["post-7561","page","type-page","status-publish","has-post-thumbnail","hentry"],"yoast_head":"<!-- This site is optimized with the Yoast SEO plugin v27.6 - https:\/\/yoast.com\/product\/yoast-seo-wordpress\/ -->\n<title>Website Analysis - Interactive Media<\/title>\n<meta name=\"robots\" content=\"index, follow, max-snippet:-1, max-image-preview:large, max-video-preview:-1\" \/>\n<link rel=\"canonical\" href=\"https:\/\/www.interactivemedia.az\/en\/services\/website-analysis\/\" \/>\n<meta property=\"og:locale\" content=\"en_US\" \/>\n<meta property=\"og:type\" content=\"article\" \/>\n<meta property=\"og:title\" content=\"Website Analysis - Interactive Media\" \/>\n<meta property=\"og:description\" content=\"Currently, most businesses have their own websites. One of the primary marketing activities of these businesses is to increase the traffic to their websites. By using the website analysis service we offer, you have the opportunity to analyze your entire online presence, measure website performance, and take necessary steps to increase visitor numbers. With this [&hellip;]\" \/>\n<meta property=\"og:url\" content=\"https:\/\/www.interactivemedia.az\/en\/services\/website-analysis\/\" \/>\n<meta property=\"og:site_name\" content=\"Interactive Media\" \/>\n<meta property=\"article:publisher\" content=\"https:\/\/www.facebook.com\/interactivemediaa\/\" \/>\n<meta property=\"article:modified_time\" content=\"2025-03-17T08:13:17+00:00\" \/>\n<meta property=\"og:image\" content=\"https:\/\/www.interactivemedia.az\/wp-content\/uploads\/2018\/11\/yazi-duzeliw.png\" \/>\n\t<meta property=\"og:image:width\" content=\"1000\" \/>\n\t<meta property=\"og:image:height\" content=\"750\" \/>\n\t<meta property=\"og:image:type\" content=\"image\/png\" \/>\n<meta name=\"twitter:card\" content=\"summary_large_image\" \/>\n<meta name=\"twitter:site\" content=\"@media_baku\" \/>\n<meta name=\"twitter:label1\" content=\"Est. reading time\" \/>\n\t<meta name=\"twitter:data1\" content=\"3 minutes\" \/>\n<script type=\"application\/ld+json\" class=\"yoast-schema-graph\">{\"@context\":\"https:\\\/\\\/schema.org\",\"@graph\":[{\"@type\":\"WebPage\",\"@id\":\"https:\\\/\\\/www.interactivemedia.az\\\/en\\\/services\\\/website-analysis\\\/\",\"url\":\"https:\\\/\\\/www.interactivemedia.az\\\/en\\\/services\\\/website-analysis\\\/\",\"name\":\"Website Analysis - Interactive Media\",\"isPartOf\":{\"@id\":\"https:\\\/\\\/www.interactivemedia.az\\\/en\\\/#website\"},\"primaryImageOfPage\":{\"@id\":\"https:\\\/\\\/www.interactivemedia.az\\\/en\\\/services\\\/website-analysis\\\/#primaryimage\"},\"image\":{\"@id\":\"https:\\\/\\\/www.interactivemedia.az\\\/en\\\/services\\\/website-analysis\\\/#primaryimage\"},\"thumbnailUrl\":\"https:\\\/\\\/www.interactivemedia.az\\\/wp-content\\\/uploads\\\/2018\\\/11\\\/yazi-duzeliw.png\",\"datePublished\":\"2025-03-17T08:08:11+00:00\",\"dateModified\":\"2025-03-17T08:13:17+00:00\",\"breadcrumb\":{\"@id\":\"https:\\\/\\\/www.interactivemedia.az\\\/en\\\/services\\\/website-analysis\\\/#breadcrumb\"},\"inLanguage\":\"en-US\",\"potentialAction\":[{\"@type\":\"ReadAction\",\"target\":[\"https:\\\/\\\/www.interactivemedia.az\\\/en\\\/services\\\/website-analysis\\\/\"]}]},{\"@type\":\"ImageObject\",\"inLanguage\":\"en-US\",\"@id\":\"https:\\\/\\\/www.interactivemedia.az\\\/en\\\/services\\\/website-analysis\\\/#primaryimage\",\"url\":\"https:\\\/\\\/www.interactivemedia.az\\\/wp-content\\\/uploads\\\/2018\\\/11\\\/yazi-duzeliw.png\",\"contentUrl\":\"https:\\\/\\\/www.interactivemedia.az\\\/wp-content\\\/uploads\\\/2018\\\/11\\\/yazi-duzeliw.png\",\"width\":1000,\"height\":750,\"caption\":\"sayt analizi\"},{\"@type\":\"BreadcrumbList\",\"@id\":\"https:\\\/\\\/www.interactivemedia.az\\\/en\\\/services\\\/website-analysis\\\/#breadcrumb\",\"itemListElement\":[{\"@type\":\"ListItem\",\"position\":1,\"name\":\"Ana S\u0259hif\u0259\",\"item\":\"https:\\\/\\\/www.interactivemedia.az\\\/en\\\/\"},{\"@type\":\"ListItem\",\"position\":2,\"name\":\"Services\",\"item\":\"https:\\\/\\\/www.interactivemedia.az\\\/en\\\/services\\\/\"},{\"@type\":\"ListItem\",\"position\":3,\"name\":\"Website Analysis\"}]},{\"@type\":\"WebSite\",\"@id\":\"https:\\\/\\\/www.interactivemedia.az\\\/en\\\/#website\",\"url\":\"https:\\\/\\\/www.interactivemedia.az\\\/en\\\/\",\"name\":\"Interactive Media\",\"description\":\"Saytlar\u0131n Haz\u0131rlanmas\u0131, Sayt Haz\u0131rlanmas\u0131\",\"publisher\":{\"@id\":\"https:\\\/\\\/www.interactivemedia.az\\\/en\\\/#organization\"},\"alternateName\":\"Saytlar\u0131n Haz\u0131rlanmas\u0131\",\"potentialAction\":[{\"@type\":\"SearchAction\",\"target\":{\"@type\":\"EntryPoint\",\"urlTemplate\":\"https:\\\/\\\/www.interactivemedia.az\\\/en\\\/?s={search_term_string}\"},\"query-input\":{\"@type\":\"PropertyValueSpecification\",\"valueRequired\":true,\"valueName\":\"search_term_string\"}}],\"inLanguage\":\"en-US\"},{\"@type\":\"Organization\",\"@id\":\"https:\\\/\\\/www.interactivemedia.az\\\/en\\\/#organization\",\"name\":\"Interactive Media\",\"url\":\"https:\\\/\\\/www.interactivemedia.az\\\/en\\\/\",\"logo\":{\"@type\":\"ImageObject\",\"inLanguage\":\"en-US\",\"@id\":\"https:\\\/\\\/www.interactivemedia.az\\\/en\\\/#\\\/schema\\\/logo\\\/image\\\/\",\"url\":\"https:\\\/\\\/www.interactivemedia.az\\\/wp-content\\\/uploads\\\/2018\\\/11\\\/interactivemedia_logo.png\",\"contentUrl\":\"https:\\\/\\\/www.interactivemedia.az\\\/wp-content\\\/uploads\\\/2018\\\/11\\\/interactivemedia_logo.png\",\"width\":181,\"height\":77,\"caption\":\"Interactive Media\"},\"image\":{\"@id\":\"https:\\\/\\\/www.interactivemedia.az\\\/en\\\/#\\\/schema\\\/logo\\\/image\\\/\"},\"sameAs\":[\"https:\\\/\\\/www.facebook.com\\\/interactivemediaa\\\/\",\"https:\\\/\\\/x.com\\\/media_baku\"]}]}<\/script>\n<!-- \/ Yoast SEO plugin. -->","yoast_head_json":{"title":"Website Analysis - Interactive Media","robots":{"index":"index","follow":"follow","max-snippet":"max-snippet:-1","max-image-preview":"max-image-preview:large","max-video-preview":"max-video-preview:-1"},"canonical":"https:\/\/www.interactivemedia.az\/en\/services\/website-analysis\/","og_locale":"en_US","og_type":"article","og_title":"Website Analysis - Interactive Media","og_description":"Currently, most businesses have their own websites. One of the primary marketing activities of these businesses is to increase the traffic to their websites. By using the website analysis service we offer, you have the opportunity to analyze your entire online presence, measure website performance, and take necessary steps to increase visitor numbers. With this [&hellip;]","og_url":"https:\/\/www.interactivemedia.az\/en\/services\/website-analysis\/","og_site_name":"Interactive Media","article_publisher":"https:\/\/www.facebook.com\/interactivemediaa\/","article_modified_time":"2025-03-17T08:13:17+00:00","og_image":[{"width":1000,"height":750,"url":"https:\/\/www.interactivemedia.az\/wp-content\/uploads\/2018\/11\/yazi-duzeliw.png","type":"image\/png"}],"twitter_card":"summary_large_image","twitter_site":"@media_baku","twitter_misc":{"Est. reading time":"3 minutes"},"schema":{"@context":"https:\/\/schema.org","@graph":[{"@type":"WebPage","@id":"https:\/\/www.interactivemedia.az\/en\/services\/website-analysis\/","url":"https:\/\/www.interactivemedia.az\/en\/services\/website-analysis\/","name":"Website Analysis - Interactive Media","isPartOf":{"@id":"https:\/\/www.interactivemedia.az\/en\/#website"},"primaryImageOfPage":{"@id":"https:\/\/www.interactivemedia.az\/en\/services\/website-analysis\/#primaryimage"},"image":{"@id":"https:\/\/www.interactivemedia.az\/en\/services\/website-analysis\/#primaryimage"},"thumbnailUrl":"https:\/\/www.interactivemedia.az\/wp-content\/uploads\/2018\/11\/yazi-duzeliw.png","datePublished":"2025-03-17T08:08:11+00:00","dateModified":"2025-03-17T08:13:17+00:00","breadcrumb":{"@id":"https:\/\/www.interactivemedia.az\/en\/services\/website-analysis\/#breadcrumb"},"inLanguage":"en-US","potentialAction":[{"@type":"ReadAction","target":["https:\/\/www.interactivemedia.az\/en\/services\/website-analysis\/"]}]},{"@type":"ImageObject","inLanguage":"en-US","@id":"https:\/\/www.interactivemedia.az\/en\/services\/website-analysis\/#primaryimage","url":"https:\/\/www.interactivemedia.az\/wp-content\/uploads\/2018\/11\/yazi-duzeliw.png","contentUrl":"https:\/\/www.interactivemedia.az\/wp-content\/uploads\/2018\/11\/yazi-duzeliw.png","width":1000,"height":750,"caption":"sayt analizi"},{"@type":"BreadcrumbList","@id":"https:\/\/www.interactivemedia.az\/en\/services\/website-analysis\/#breadcrumb","itemListElement":[{"@type":"ListItem","position":1,"name":"Ana S\u0259hif\u0259","item":"https:\/\/www.interactivemedia.az\/en\/"},{"@type":"ListItem","position":2,"name":"Services","item":"https:\/\/www.interactivemedia.az\/en\/services\/"},{"@type":"ListItem","position":3,"name":"Website Analysis"}]},{"@type":"WebSite","@id":"https:\/\/www.interactivemedia.az\/en\/#website","url":"https:\/\/www.interactivemedia.az\/en\/","name":"Interactive Media","description":"Saytlar\u0131n Haz\u0131rlanmas\u0131, Sayt Haz\u0131rlanmas\u0131","publisher":{"@id":"https:\/\/www.interactivemedia.az\/en\/#organization"},"alternateName":"Saytlar\u0131n Haz\u0131rlanmas\u0131","potentialAction":[{"@type":"SearchAction","target":{"@type":"EntryPoint","urlTemplate":"https:\/\/www.interactivemedia.az\/en\/?s={search_term_string}"},"query-input":{"@type":"PropertyValueSpecification","valueRequired":true,"valueName":"search_term_string"}}],"inLanguage":"en-US"},{"@type":"Organization","@id":"https:\/\/www.interactivemedia.az\/en\/#organization","name":"Interactive Media","url":"https:\/\/www.interactivemedia.az\/en\/","logo":{"@type":"ImageObject","inLanguage":"en-US","@id":"https:\/\/www.interactivemedia.az\/en\/#\/schema\/logo\/image\/","url":"https:\/\/www.interactivemedia.az\/wp-content\/uploads\/2018\/11\/interactivemedia_logo.png","contentUrl":"https:\/\/www.interactivemedia.az\/wp-content\/uploads\/2018\/11\/interactivemedia_logo.png","width":181,"height":77,"caption":"Interactive Media"},"image":{"@id":"https:\/\/www.interactivemedia.az\/en\/#\/schema\/logo\/image\/"},"sameAs":["https:\/\/www.facebook.com\/interactivemediaa\/","https:\/\/x.com\/media_baku"]}]}},"_links":{"self":[{"href":"https:\/\/www.interactivemedia.az\/en\/wp-json\/wp\/v2\/pages\/7561","targetHints":{"allow":["GET"]}}],"collection":[{"href":"https:\/\/www.interactivemedia.az\/en\/wp-json\/wp\/v2\/pages"}],"about":[{"href":"https:\/\/www.interactivemedia.az\/en\/wp-json\/wp\/v2\/types\/page"}],"author":[{"embeddable":true,"href":"https:\/\/www.interactivemedia.az\/en\/wp-json\/wp\/v2\/users\/1"}],"replies":[{"embeddable":true,"href":"https:\/\/www.interactivemedia.az\/en\/wp-json\/wp\/v2\/comments?post=7561"}],"version-history":[{"count":5,"href":"https:\/\/www.interactivemedia.az\/en\/wp-json\/wp\/v2\/pages\/7561\/revisions"}],"predecessor-version":[{"id":7568,"href":"https:\/\/www.interactivemedia.az\/en\/wp-json\/wp\/v2\/pages\/7561\/revisions\/7568"}],"up":[{"embeddable":true,"href":"https:\/\/www.interactivemedia.az\/en\/wp-json\/wp\/v2\/pages\/7436"}],"wp:featuredmedia":[{"embeddable":true,"href":"https:\/\/www.interactivemedia.az\/en\/wp-json\/wp\/v2\/media\/3325"}],"wp:attachment":[{"href":"https:\/\/www.interactivemedia.az\/en\/wp-json\/wp\/v2\/media?parent=7561"}],"curies":[{"name":"wp","href":"https:\/\/api.w.org\/{rel}","templated":true}]}}