{"id":7513,"date":"2025-03-17T10:19:26","date_gmt":"2025-03-17T06:19:26","guid":{"rendered":"https:\/\/www.interactivemedia.az\/?page_id=7513"},"modified":"2025-03-17T10:21:39","modified_gmt":"2025-03-17T06:21:39","slug":"remarketing","status":"publish","type":"page","link":"https:\/\/www.interactivemedia.az\/en\/services\/remarketing\/","title":{"rendered":"Remarketing"},"content":{"rendered":"<div data-elementor-type=\"wp-page\" data-elementor-id=\"7513\" class=\"elementor elementor-7513\" data-elementor-post-type=\"page\">\n\t\t\t\t\t\t<section class=\"elementor-section elementor-top-section elementor-element elementor-element-dea5b80 elementor-section-boxed elementor-section-height-default elementor-section-height-default\" data-id=\"dea5b80\" data-element_type=\"section\" data-e-type=\"section\">\n\t\t\t\t\t\t<div class=\"elementor-container elementor-column-gap-default\">\n\t\t\t\t\t<div class=\"elementor-column elementor-col-100 elementor-top-column elementor-element elementor-element-83e4b07\" data-id=\"83e4b07\" data-element_type=\"column\" data-e-type=\"column\">\n\t\t\t<div class=\"elementor-widget-wrap elementor-element-populated\">\n\t\t\t\t\t\t<div class=\"elementor-element elementor-element-ed7fc0d elementor-widget elementor-widget-text-editor\" data-id=\"ed7fc0d\" data-element_type=\"widget\" data-e-type=\"widget\" data-widget_type=\"text-editor.default\">\n\t\t\t\t<div class=\"elementor-widget-container\">\n\t\t\t\t\t\t\t\t\t<div class=\"vc_row wpb_row vc_row-fluid\"><div class=\"wpb_column vc_column_container vc_col-sm-12\"><div class=\"vc_column-inner\"><div class=\"wpb_wrapper\"><div class=\"wpb_text_column wpb_content_element\"><div class=\"wpb_wrapper\"><p data-start=\"0\" data-end=\"261\"><strong data-start=\"18\" data-end=\"33\">Remarketing<\/strong> means showing your ads to people who have previously visited your website. By reminding the user of your brand, you significantly increase the chances of getting a click again, as well as enhancing brand recognition and recall.<\/p><h3 data-start=\"263\" data-end=\"293\">How Does Remarketing Work?<\/h3><p data-start=\"294\" data-end=\"551\">First, we create a remarketing list in our system. Then, we place a small code on your website. Every time a user visits your website, their cookie ID is added to the list we created. When users visit other websites, your ad is shown to them from this list.<\/p><\/div><\/div><\/div><\/div><\/div><\/div><div class=\"vc_row wpb_row vc_row-fluid\"><div class=\"wpb_column vc_column_container vc_col-sm-12\"><div class=\"vc_column-inner\"><div class=\"wpb_wrapper\"><div class=\"wpb_text_column wpb_content_element\"><div class=\"wpb_wrapper\"><p><img fetchpriority=\"high\" decoding=\"async\" class=\"wp-image-3580 aligncenter\" src=\"https:\/\/www.interactivemedia.az\/wp-content\/uploads\/2018\/12\/14-AZ-versiya-2.png\" alt=\"remarketing\" width=\"531\" height=\"205\" srcset=\"https:\/\/www.interactivemedia.az\/wp-content\/uploads\/2018\/12\/14-AZ-versiya-2.png 1000w, https:\/\/www.interactivemedia.az\/wp-content\/uploads\/2018\/12\/14-AZ-versiya-2-300x116.png 300w, https:\/\/www.interactivemedia.az\/wp-content\/uploads\/2018\/12\/14-AZ-versiya-2-768x296.png 768w\" sizes=\"(max-width: 531px) 100vw, 531px\" \/><strong><br \/><\/strong><\/p><h3 data-start=\"553\" data-end=\"577\">Types of Remarketing<\/h3><p data-start=\"578\" data-end=\"671\">Based on your online marketing goals, we create remarketing campaigns in the following forms:<\/p><ul data-start=\"673\" data-end=\"1933\"><li data-start=\"673\" data-end=\"894\"><p data-start=\"675\" data-end=\"894\"><strong data-start=\"675\" data-end=\"699\">Standard Remarketing<\/strong><br data-start=\"699\" data-end=\"702\" \/>When standard remarketing is applied, any of your ads will be shown to people who have previously visited your website. This increases the likelihood of the user clicking on your site again.<\/p><\/li><li data-start=\"896\" data-end=\"1261\"><p data-start=\"898\" data-end=\"1261\"><strong data-start=\"898\" data-end=\"921\">Dynamic Remarketing<\/strong><br data-start=\"921\" data-end=\"924\" \/>A more advanced form of remarketing, where ads for products that users were interested in are shown to them again. For example, if your website is an online store and a user adds a product to their cart but doesn\u2019t purchase it, showing an ad for that same product to the user again significantly increases the chance of them buying it.<\/p><\/li><li data-start=\"1263\" data-end=\"1404\"><p data-start=\"1265\" data-end=\"1404\"><strong data-start=\"1265\" data-end=\"1295\">Remarketing for Search Ads<\/strong><br data-start=\"1295\" data-end=\"1298\" \/>If someone who visited your website in the past conducts a search, your ad will appear among Google ads.<\/p><\/li><li data-start=\"1406\" data-end=\"1585\"><p data-start=\"1408\" data-end=\"1585\"><strong data-start=\"1408\" data-end=\"1429\">Video Remarketing<\/strong><br data-start=\"1429\" data-end=\"1432\" \/>This type of remarketing shows your ads to users who have liked, shared, or commented positively on your videos on various websites, including YouTube.<\/p><\/li><li data-start=\"1587\" data-end=\"1767\"><p data-start=\"1589\" data-end=\"1767\"><strong data-start=\"1589\" data-end=\"1610\">Gmail Remarketing<\/strong><br data-start=\"1610\" data-end=\"1613\" \/>If you have your customers&#8217; contact details and they have a Gmail account, we can show them remarketing ads on Google, YouTube, and many other websites.<\/p><\/li><li data-start=\"1769\" data-end=\"1933\"><p data-start=\"1771\" data-end=\"1933\"><strong data-start=\"1771\" data-end=\"1799\">Social Media Remarketing<\/strong><br data-start=\"1799\" data-end=\"1802\" \/>In this case, we apply remarketing ads through social media channels, such as Facebook and Instagram, to your website visitors.<\/p><\/li><\/ul><\/div><\/div><\/div><\/div><\/div><\/div>\t\t\t\t\t\t\t\t<\/div>\n\t\t\t\t<\/div>\n\t\t\t\t\t<\/div>\n\t\t<\/div>\n\t\t\t\t\t<\/div>\n\t\t<\/section>\n\t\t\t\t<\/div>","protected":false},"excerpt":{"rendered":"<p>Remarketing means showing your ads to people who have previously visited your website. By reminding the user of your brand, you significantly increase the chances of getting a click again, as well as enhancing brand recognition and recall. How Does Remarketing Work? First, we create a remarketing list in our system. Then, we place a [&hellip;]<\/p>\n","protected":false},"author":1,"featured_media":3580,"parent":7436,"menu_order":0,"comment_status":"closed","ping_status":"closed","template":"elementor_header_footer","meta":{"footnotes":""},"class_list":["post-7513","page","type-page","status-publish","has-post-thumbnail","hentry"],"yoast_head":"<!-- This site is optimized with the Yoast SEO plugin v27.1.1 - https:\/\/yoast.com\/product\/yoast-seo-wordpress\/ -->\n<title>Remarketing - Interactive Media<\/title>\n<meta name=\"robots\" content=\"index, follow, max-snippet:-1, max-image-preview:large, max-video-preview:-1\" \/>\n<link rel=\"canonical\" href=\"https:\/\/www.interactivemedia.az\/en\/services\/remarketing\/\" \/>\n<meta property=\"og:locale\" content=\"en_US\" \/>\n<meta property=\"og:type\" content=\"article\" \/>\n<meta property=\"og:title\" content=\"Remarketing - Interactive Media\" \/>\n<meta property=\"og:description\" content=\"Remarketing means showing your ads to people who have previously visited your website. By reminding the user of your brand, you significantly increase the chances of getting a click again, as well as enhancing brand recognition and recall. How Does Remarketing Work? First, we create a remarketing list in our system. Then, we place a [&hellip;]\" \/>\n<meta property=\"og:url\" content=\"https:\/\/www.interactivemedia.az\/en\/services\/remarketing\/\" \/>\n<meta property=\"og:site_name\" content=\"Interactive Media\" \/>\n<meta property=\"article:publisher\" content=\"https:\/\/www.facebook.com\/interactivemediaa\/\" \/>\n<meta property=\"article:modified_time\" content=\"2025-03-17T06:21:39+00:00\" \/>\n<meta property=\"og:image\" content=\"https:\/\/www.interactivemedia.az\/wp-content\/uploads\/2018\/12\/14-AZ-versiya-2.png\" \/>\n\t<meta property=\"og:image:width\" content=\"1000\" \/>\n\t<meta property=\"og:image:height\" content=\"386\" \/>\n\t<meta property=\"og:image:type\" content=\"image\/png\" \/>\n<meta name=\"twitter:card\" content=\"summary_large_image\" \/>\n<meta name=\"twitter:site\" content=\"@media_baku\" \/>\n<meta name=\"twitter:label1\" content=\"Est. reading time\" \/>\n\t<meta name=\"twitter:data1\" content=\"2 minutes\" \/>\n<script type=\"application\/ld+json\" class=\"yoast-schema-graph\">{\"@context\":\"https:\/\/schema.org\",\"@graph\":[{\"@type\":\"WebPage\",\"@id\":\"https:\/\/www.interactivemedia.az\/en\/services\/remarketing\/\",\"url\":\"https:\/\/www.interactivemedia.az\/en\/services\/remarketing\/\",\"name\":\"Remarketing - Interactive Media\",\"isPartOf\":{\"@id\":\"https:\/\/www.interactivemedia.az\/en\/#website\"},\"primaryImageOfPage\":{\"@id\":\"https:\/\/www.interactivemedia.az\/en\/services\/remarketing\/#primaryimage\"},\"image\":{\"@id\":\"https:\/\/www.interactivemedia.az\/en\/services\/remarketing\/#primaryimage\"},\"thumbnailUrl\":\"https:\/\/www.interactivemedia.az\/wp-content\/uploads\/2018\/12\/14-AZ-versiya-2.png\",\"datePublished\":\"2025-03-17T06:19:26+00:00\",\"dateModified\":\"2025-03-17T06:21:39+00:00\",\"breadcrumb\":{\"@id\":\"https:\/\/www.interactivemedia.az\/en\/services\/remarketing\/#breadcrumb\"},\"inLanguage\":\"en-US\",\"potentialAction\":[{\"@type\":\"ReadAction\",\"target\":[\"https:\/\/www.interactivemedia.az\/en\/services\/remarketing\/\"]}]},{\"@type\":\"ImageObject\",\"inLanguage\":\"en-US\",\"@id\":\"https:\/\/www.interactivemedia.az\/en\/services\/remarketing\/#primaryimage\",\"url\":\"https:\/\/www.interactivemedia.az\/wp-content\/uploads\/2018\/12\/14-AZ-versiya-2.png\",\"contentUrl\":\"https:\/\/www.interactivemedia.az\/wp-content\/uploads\/2018\/12\/14-AZ-versiya-2.png\",\"width\":1000,\"height\":386,\"caption\":\"remarketinq\"},{\"@type\":\"BreadcrumbList\",\"@id\":\"https:\/\/www.interactivemedia.az\/en\/services\/remarketing\/#breadcrumb\",\"itemListElement\":[{\"@type\":\"ListItem\",\"position\":1,\"name\":\"Ana S\u0259hif\u0259\",\"item\":\"https:\/\/www.interactivemedia.az\/en\/\"},{\"@type\":\"ListItem\",\"position\":2,\"name\":\"Services\",\"item\":\"https:\/\/www.interactivemedia.az\/en\/services\/\"},{\"@type\":\"ListItem\",\"position\":3,\"name\":\"Remarketing\"}]},{\"@type\":\"WebSite\",\"@id\":\"https:\/\/www.interactivemedia.az\/en\/#website\",\"url\":\"https:\/\/www.interactivemedia.az\/en\/\",\"name\":\"Interactive Media\",\"description\":\"Saytlar\u0131n Haz\u0131rlanmas\u0131, Sayt Haz\u0131rlanmas\u0131\",\"publisher\":{\"@id\":\"https:\/\/www.interactivemedia.az\/en\/#organization\"},\"alternateName\":\"Saytlar\u0131n Haz\u0131rlanmas\u0131\",\"potentialAction\":[{\"@type\":\"SearchAction\",\"target\":{\"@type\":\"EntryPoint\",\"urlTemplate\":\"https:\/\/www.interactivemedia.az\/en\/?s={search_term_string}\"},\"query-input\":{\"@type\":\"PropertyValueSpecification\",\"valueRequired\":true,\"valueName\":\"search_term_string\"}}],\"inLanguage\":\"en-US\"},{\"@type\":\"Organization\",\"@id\":\"https:\/\/www.interactivemedia.az\/en\/#organization\",\"name\":\"Interactive Media\",\"url\":\"https:\/\/www.interactivemedia.az\/en\/\",\"logo\":{\"@type\":\"ImageObject\",\"inLanguage\":\"en-US\",\"@id\":\"https:\/\/www.interactivemedia.az\/en\/#\/schema\/logo\/image\/\",\"url\":\"https:\/\/www.interactivemedia.az\/wp-content\/uploads\/2018\/11\/interactivemedia_logo.png\",\"contentUrl\":\"https:\/\/www.interactivemedia.az\/wp-content\/uploads\/2018\/11\/interactivemedia_logo.png\",\"width\":181,\"height\":77,\"caption\":\"Interactive Media\"},\"image\":{\"@id\":\"https:\/\/www.interactivemedia.az\/en\/#\/schema\/logo\/image\/\"},\"sameAs\":[\"https:\/\/www.facebook.com\/interactivemediaa\/\",\"https:\/\/x.com\/media_baku\"]}]}<\/script>\n<!-- \/ Yoast SEO plugin. -->","yoast_head_json":{"title":"Remarketing - Interactive Media","robots":{"index":"index","follow":"follow","max-snippet":"max-snippet:-1","max-image-preview":"max-image-preview:large","max-video-preview":"max-video-preview:-1"},"canonical":"https:\/\/www.interactivemedia.az\/en\/services\/remarketing\/","og_locale":"en_US","og_type":"article","og_title":"Remarketing - Interactive Media","og_description":"Remarketing means showing your ads to people who have previously visited your website. By reminding the user of your brand, you significantly increase the chances of getting a click again, as well as enhancing brand recognition and recall. How Does Remarketing Work? First, we create a remarketing list in our system. Then, we place a [&hellip;]","og_url":"https:\/\/www.interactivemedia.az\/en\/services\/remarketing\/","og_site_name":"Interactive Media","article_publisher":"https:\/\/www.facebook.com\/interactivemediaa\/","article_modified_time":"2025-03-17T06:21:39+00:00","og_image":[{"width":1000,"height":386,"url":"https:\/\/www.interactivemedia.az\/wp-content\/uploads\/2018\/12\/14-AZ-versiya-2.png","type":"image\/png"}],"twitter_card":"summary_large_image","twitter_site":"@media_baku","twitter_misc":{"Est. reading time":"2 minutes"},"schema":{"@context":"https:\/\/schema.org","@graph":[{"@type":"WebPage","@id":"https:\/\/www.interactivemedia.az\/en\/services\/remarketing\/","url":"https:\/\/www.interactivemedia.az\/en\/services\/remarketing\/","name":"Remarketing - Interactive Media","isPartOf":{"@id":"https:\/\/www.interactivemedia.az\/en\/#website"},"primaryImageOfPage":{"@id":"https:\/\/www.interactivemedia.az\/en\/services\/remarketing\/#primaryimage"},"image":{"@id":"https:\/\/www.interactivemedia.az\/en\/services\/remarketing\/#primaryimage"},"thumbnailUrl":"https:\/\/www.interactivemedia.az\/wp-content\/uploads\/2018\/12\/14-AZ-versiya-2.png","datePublished":"2025-03-17T06:19:26+00:00","dateModified":"2025-03-17T06:21:39+00:00","breadcrumb":{"@id":"https:\/\/www.interactivemedia.az\/en\/services\/remarketing\/#breadcrumb"},"inLanguage":"en-US","potentialAction":[{"@type":"ReadAction","target":["https:\/\/www.interactivemedia.az\/en\/services\/remarketing\/"]}]},{"@type":"ImageObject","inLanguage":"en-US","@id":"https:\/\/www.interactivemedia.az\/en\/services\/remarketing\/#primaryimage","url":"https:\/\/www.interactivemedia.az\/wp-content\/uploads\/2018\/12\/14-AZ-versiya-2.png","contentUrl":"https:\/\/www.interactivemedia.az\/wp-content\/uploads\/2018\/12\/14-AZ-versiya-2.png","width":1000,"height":386,"caption":"remarketinq"},{"@type":"BreadcrumbList","@id":"https:\/\/www.interactivemedia.az\/en\/services\/remarketing\/#breadcrumb","itemListElement":[{"@type":"ListItem","position":1,"name":"Ana S\u0259hif\u0259","item":"https:\/\/www.interactivemedia.az\/en\/"},{"@type":"ListItem","position":2,"name":"Services","item":"https:\/\/www.interactivemedia.az\/en\/services\/"},{"@type":"ListItem","position":3,"name":"Remarketing"}]},{"@type":"WebSite","@id":"https:\/\/www.interactivemedia.az\/en\/#website","url":"https:\/\/www.interactivemedia.az\/en\/","name":"Interactive Media","description":"Saytlar\u0131n Haz\u0131rlanmas\u0131, Sayt Haz\u0131rlanmas\u0131","publisher":{"@id":"https:\/\/www.interactivemedia.az\/en\/#organization"},"alternateName":"Saytlar\u0131n Haz\u0131rlanmas\u0131","potentialAction":[{"@type":"SearchAction","target":{"@type":"EntryPoint","urlTemplate":"https:\/\/www.interactivemedia.az\/en\/?s={search_term_string}"},"query-input":{"@type":"PropertyValueSpecification","valueRequired":true,"valueName":"search_term_string"}}],"inLanguage":"en-US"},{"@type":"Organization","@id":"https:\/\/www.interactivemedia.az\/en\/#organization","name":"Interactive Media","url":"https:\/\/www.interactivemedia.az\/en\/","logo":{"@type":"ImageObject","inLanguage":"en-US","@id":"https:\/\/www.interactivemedia.az\/en\/#\/schema\/logo\/image\/","url":"https:\/\/www.interactivemedia.az\/wp-content\/uploads\/2018\/11\/interactivemedia_logo.png","contentUrl":"https:\/\/www.interactivemedia.az\/wp-content\/uploads\/2018\/11\/interactivemedia_logo.png","width":181,"height":77,"caption":"Interactive Media"},"image":{"@id":"https:\/\/www.interactivemedia.az\/en\/#\/schema\/logo\/image\/"},"sameAs":["https:\/\/www.facebook.com\/interactivemediaa\/","https:\/\/x.com\/media_baku"]}]}},"_links":{"self":[{"href":"https:\/\/www.interactivemedia.az\/en\/wp-json\/wp\/v2\/pages\/7513","targetHints":{"allow":["GET"]}}],"collection":[{"href":"https:\/\/www.interactivemedia.az\/en\/wp-json\/wp\/v2\/pages"}],"about":[{"href":"https:\/\/www.interactivemedia.az\/en\/wp-json\/wp\/v2\/types\/page"}],"author":[{"embeddable":true,"href":"https:\/\/www.interactivemedia.az\/en\/wp-json\/wp\/v2\/users\/1"}],"replies":[{"embeddable":true,"href":"https:\/\/www.interactivemedia.az\/en\/wp-json\/wp\/v2\/comments?post=7513"}],"version-history":[{"count":4,"href":"https:\/\/www.interactivemedia.az\/en\/wp-json\/wp\/v2\/pages\/7513\/revisions"}],"predecessor-version":[{"id":7519,"href":"https:\/\/www.interactivemedia.az\/en\/wp-json\/wp\/v2\/pages\/7513\/revisions\/7519"}],"up":[{"embeddable":true,"href":"https:\/\/www.interactivemedia.az\/en\/wp-json\/wp\/v2\/pages\/7436"}],"wp:featuredmedia":[{"embeddable":true,"href":"https:\/\/www.interactivemedia.az\/en\/wp-json\/wp\/v2\/media\/3580"}],"wp:attachment":[{"href":"https:\/\/www.interactivemedia.az\/en\/wp-json\/wp\/v2\/media?parent=7513"}],"curies":[{"name":"wp","href":"https:\/\/api.w.org\/{rel}","templated":true}]}}