{"id":7493,"date":"2025-03-17T10:00:49","date_gmt":"2025-03-17T06:00:49","guid":{"rendered":"https:\/\/www.interactivemedia.az\/?page_id=7493"},"modified":"2025-03-17T10:13:31","modified_gmt":"2025-03-17T06:13:31","slug":"mobile-marketing","status":"publish","type":"page","link":"https:\/\/www.interactivemedia.az\/en\/services\/mobile-marketing\/","title":{"rendered":"Mobile Marketing"},"content":{"rendered":"<div data-elementor-type=\"wp-post\" data-elementor-id=\"7493\" class=\"elementor elementor-7493\" data-elementor-post-type=\"page\">\n\t\t\t\t\t\t<section class=\"elementor-section elementor-top-section elementor-element elementor-element-dd2fb18 elementor-section-boxed elementor-section-height-default elementor-section-height-default\" data-id=\"dd2fb18\" data-element_type=\"section\" data-e-type=\"section\">\n\t\t\t\t\t\t<div class=\"elementor-container elementor-column-gap-default\">\n\t\t\t\t\t<div class=\"elementor-column elementor-col-100 elementor-top-column elementor-element elementor-element-bea8253\" data-id=\"bea8253\" data-element_type=\"column\" data-e-type=\"column\">\n\t\t\t<div class=\"elementor-widget-wrap elementor-element-populated\">\n\t\t\t\t\t\t<div class=\"elementor-element elementor-element-8d36128 elementor-widget elementor-widget-text-editor\" data-id=\"8d36128\" data-element_type=\"widget\" data-e-type=\"widget\" data-widget_type=\"text-editor.default\">\n\t\t\t\t<div class=\"elementor-widget-container\">\n\t\t\t\t\t\t\t\t\t<p><img fetchpriority=\"high\" decoding=\"async\" class=\"alignright wp-image-3294\" src=\"https:\/\/www.interactivemedia.az\/wp-content\/uploads\/2018\/11\/4-300x225.jpg\" alt=\"\" width=\"500\" height=\"375\" srcset=\"https:\/\/www.interactivemedia.az\/wp-content\/uploads\/2018\/11\/4-300x225.jpg 300w, https:\/\/www.interactivemedia.az\/wp-content\/uploads\/2018\/11\/4-768x576.jpg 768w, https:\/\/www.interactivemedia.az\/wp-content\/uploads\/2018\/11\/4.jpg 1000w\" sizes=\"(max-width: 500px) 100vw, 500px\" \/><\/p><p data-start=\"26\" data-end=\"259\">According to the definition provided by the Mobile Marketing Association, mobile marketing is a set of experiences that enables businesses to engage with their target audience in a relevant and interactive way through mobile devices.<\/p><p data-start=\"261\" data-end=\"420\">We differentiate mobile marketing from mobile advertising because mobile marketing should not be limited to the ability to advertise solely on mobile devices.<\/p><p data-start=\"422\" data-end=\"1101\">Let\u2019s break down and explain this definition. For any advertisement to succeed, the targeted consumer must be able to respond to it, in other words, the consumer must engage with the ad. To capture the consumer\u2019s attention and prompt a response, the ad must be relevant to that individual. Potential customers using mobile devices exhibit different behaviors based on location, situation, and needs. To provide the right ad for these varying behaviors, our marketing experiences and technological knowledge come into play. Therefore, we offer you not just advertising on mobile devices but a unique mobile marketing service that synthesizes our technical and marketing expertise.<\/p><p data-start=\"1103\" data-end=\"1172\">With mobile marketing, you can benefit from the following advantages:<\/p>\t\t\t\t\t\t\t\t<\/div>\n\t\t\t\t<\/div>\n\t\t\t\t<div class=\"elementor-element elementor-element-6334475 elementor-widget elementor-widget-text-editor\" data-id=\"6334475\" data-element_type=\"widget\" data-e-type=\"widget\" data-widget_type=\"text-editor.default\">\n\t\t\t\t<div class=\"elementor-widget-container\">\n\t\t\t\t\t\t\t\t\t<h2 data-start=\"26\" data-end=\"73\"><strong data-start=\"26\" data-end=\"73\">Mobile Marketing &#8211; Location-Based Marketing<\/strong><\/h2><p data-start=\"75\" data-end=\"675\">With this approach, you can target ads based on where people are currently located, rather than where they are typically. This is one of the most important features of mobile marketing. For example, if you own a store in a Mall, you can advertise to everyone currently present in that Mall. This type of advertising creates far more sales opportunities compared to other types of ads. To determine the user&#8217;s location, devices such as IP addresses, GPS, WiFi, and Bluetooth are used. However, it is important to note that determining the location in this way is only possible with the user&#8217;s consent.<\/p>\t\t\t\t\t\t\t\t<\/div>\n\t\t\t\t<\/div>\n\t\t\t\t<div class=\"elementor-element elementor-element-ef82418 elementor-widget elementor-widget-text-editor\" data-id=\"ef82418\" data-element_type=\"widget\" data-e-type=\"widget\" data-widget_type=\"text-editor.default\">\n\t\t\t\t<div class=\"elementor-widget-container\">\n\t\t\t\t\t\t\t\t\t<h2 data-start=\"26\" data-end=\"66\"><strong data-start=\"26\" data-end=\"66\">Mobile Marketing &#8211; A Larger Audience<\/strong><\/h2><p data-start=\"68\" data-end=\"326\">The number of mobile (smartphone) users exceeds that of computer users. Additionally, the total time mobile users spend on the internet is growing faster than that of computer users. All of this allows you to reach a larger audience through mobile marketing.<\/p>\t\t\t\t\t\t\t\t<\/div>\n\t\t\t\t<\/div>\n\t\t\t\t<div class=\"elementor-element elementor-element-afe88a8 elementor-widget elementor-widget-text-editor\" data-id=\"afe88a8\" data-element_type=\"widget\" data-e-type=\"widget\" data-widget_type=\"text-editor.default\">\n\t\t\t\t<div class=\"elementor-widget-container\">\n\t\t\t\t\t\t\t\t\t<h2 data-start=\"26\" data-end=\"60\"><strong data-start=\"26\" data-end=\"60\">Mobile Marketing &#8211; Lower Costs<\/strong><\/h2><p data-start=\"62\" data-end=\"259\">Although mobile marketing has a strong position, it is still a relatively new form of marketing. Therefore, you will face less competition in this marketing channel, which will lead to lower costs.<\/p>\t\t\t\t\t\t\t\t<\/div>\n\t\t\t\t<\/div>\n\t\t\t\t<div class=\"elementor-element elementor-element-39214f0 elementor-widget elementor-widget-text-editor\" data-id=\"39214f0\" data-element_type=\"widget\" data-e-type=\"widget\" data-widget_type=\"text-editor.default\">\n\t\t\t\t<div class=\"elementor-widget-container\">\n\t\t\t\t\t\t\t\t\t<h2 data-start=\"26\" data-end=\"63\"><strong data-start=\"26\" data-end=\"63\">Mobile Marketing &#8211; Quick Response<\/strong><\/h2><p data-start=\"65\" data-end=\"655\">Another advantage of mobile marketing is the quick response time. Mobile users are usually on the move, so they can react to ads more quickly. For example, if a user is searching for a pizza restaurant nearby, they are likely to decide to either visit a pizza restaurant or place an order. By delivering relevant ads in this situation, we accelerate the decision-making process for the user. For instance, with Google Search Ads, the pizza restaurant&#8217;s contact number is prominently displayed, and the user can easily contact the restaurant by clicking the &#8220;Call&#8221; button and place an order.<\/p>\t\t\t\t\t\t\t\t<\/div>\n\t\t\t\t<\/div>\n\t\t\t\t\t<\/div>\n\t\t<\/div>\n\t\t\t\t\t<\/div>\n\t\t<\/section>\n\t\t\t\t<\/div>","protected":false},"excerpt":{"rendered":"<p>According to the definition provided by the Mobile Marketing Association, mobile marketing is a set of experiences that enables businesses to engage with their target audience in a relevant and interactive way through mobile devices. We differentiate mobile marketing from mobile advertising because mobile marketing should not be limited to the ability to advertise solely [&hellip;]<\/p>\n","protected":false},"author":1,"featured_media":3294,"parent":7436,"menu_order":0,"comment_status":"closed","ping_status":"closed","template":"template\/template-full-width.php","meta":{"footnotes":""},"class_list":["post-7493","page","type-page","status-publish","has-post-thumbnail","hentry"],"yoast_head":"<!-- This site is optimized with the Yoast SEO plugin v27.1.1 - https:\/\/yoast.com\/product\/yoast-seo-wordpress\/ -->\n<title>Mobile Marketing - Interactive Media<\/title>\n<meta name=\"robots\" content=\"index, follow, max-snippet:-1, max-image-preview:large, max-video-preview:-1\" \/>\n<link rel=\"canonical\" href=\"https:\/\/www.interactivemedia.az\/en\/services\/mobile-marketing\/\" \/>\n<meta property=\"og:locale\" content=\"en_US\" \/>\n<meta property=\"og:type\" content=\"article\" \/>\n<meta property=\"og:title\" content=\"Mobile Marketing - Interactive Media\" \/>\n<meta property=\"og:description\" content=\"According to the definition provided by the Mobile Marketing Association, mobile marketing is a set of experiences that enables businesses to engage with their target audience in a relevant and interactive way through mobile devices. We differentiate mobile marketing from mobile advertising because mobile marketing should not be limited to the ability to advertise solely [&hellip;]\" \/>\n<meta property=\"og:url\" content=\"https:\/\/www.interactivemedia.az\/en\/services\/mobile-marketing\/\" \/>\n<meta property=\"og:site_name\" content=\"Interactive Media\" \/>\n<meta property=\"article:publisher\" content=\"https:\/\/www.facebook.com\/interactivemediaa\/\" \/>\n<meta property=\"article:modified_time\" content=\"2025-03-17T06:13:31+00:00\" \/>\n<meta property=\"og:image\" content=\"https:\/\/www.interactivemedia.az\/wp-content\/uploads\/2018\/11\/4.jpg\" \/>\n\t<meta property=\"og:image:width\" content=\"1000\" \/>\n\t<meta property=\"og:image:height\" content=\"750\" \/>\n\t<meta property=\"og:image:type\" content=\"image\/jpeg\" \/>\n<meta name=\"twitter:card\" content=\"summary_large_image\" \/>\n<meta name=\"twitter:site\" content=\"@media_baku\" \/>\n<meta name=\"twitter:label1\" content=\"Est. reading time\" \/>\n\t<meta name=\"twitter:data1\" content=\"3 minutes\" \/>\n<script type=\"application\/ld+json\" class=\"yoast-schema-graph\">{\"@context\":\"https:\/\/schema.org\",\"@graph\":[{\"@type\":\"WebPage\",\"@id\":\"https:\/\/www.interactivemedia.az\/en\/services\/mobile-marketing\/\",\"url\":\"https:\/\/www.interactivemedia.az\/en\/services\/mobile-marketing\/\",\"name\":\"Mobile Marketing - Interactive Media\",\"isPartOf\":{\"@id\":\"https:\/\/www.interactivemedia.az\/en\/#website\"},\"primaryImageOfPage\":{\"@id\":\"https:\/\/www.interactivemedia.az\/en\/services\/mobile-marketing\/#primaryimage\"},\"image\":{\"@id\":\"https:\/\/www.interactivemedia.az\/en\/services\/mobile-marketing\/#primaryimage\"},\"thumbnailUrl\":\"https:\/\/www.interactivemedia.az\/wp-content\/uploads\/2018\/11\/4.jpg\",\"datePublished\":\"2025-03-17T06:00:49+00:00\",\"dateModified\":\"2025-03-17T06:13:31+00:00\",\"breadcrumb\":{\"@id\":\"https:\/\/www.interactivemedia.az\/en\/services\/mobile-marketing\/#breadcrumb\"},\"inLanguage\":\"en-US\",\"potentialAction\":[{\"@type\":\"ReadAction\",\"target\":[\"https:\/\/www.interactivemedia.az\/en\/services\/mobile-marketing\/\"]}]},{\"@type\":\"ImageObject\",\"inLanguage\":\"en-US\",\"@id\":\"https:\/\/www.interactivemedia.az\/en\/services\/mobile-marketing\/#primaryimage\",\"url\":\"https:\/\/www.interactivemedia.az\/wp-content\/uploads\/2018\/11\/4.jpg\",\"contentUrl\":\"https:\/\/www.interactivemedia.az\/wp-content\/uploads\/2018\/11\/4.jpg\",\"width\":1000,\"height\":750,\"caption\":\"mobil marketinq\"},{\"@type\":\"BreadcrumbList\",\"@id\":\"https:\/\/www.interactivemedia.az\/en\/services\/mobile-marketing\/#breadcrumb\",\"itemListElement\":[{\"@type\":\"ListItem\",\"position\":1,\"name\":\"Ana S\u0259hif\u0259\",\"item\":\"https:\/\/www.interactivemedia.az\/en\/\"},{\"@type\":\"ListItem\",\"position\":2,\"name\":\"Services\",\"item\":\"https:\/\/www.interactivemedia.az\/en\/services\/\"},{\"@type\":\"ListItem\",\"position\":3,\"name\":\"Mobile Marketing\"}]},{\"@type\":\"WebSite\",\"@id\":\"https:\/\/www.interactivemedia.az\/en\/#website\",\"url\":\"https:\/\/www.interactivemedia.az\/en\/\",\"name\":\"Interactive Media\",\"description\":\"Saytlar\u0131n Haz\u0131rlanmas\u0131, Sayt Haz\u0131rlanmas\u0131\",\"publisher\":{\"@id\":\"https:\/\/www.interactivemedia.az\/en\/#organization\"},\"alternateName\":\"Saytlar\u0131n Haz\u0131rlanmas\u0131\",\"potentialAction\":[{\"@type\":\"SearchAction\",\"target\":{\"@type\":\"EntryPoint\",\"urlTemplate\":\"https:\/\/www.interactivemedia.az\/en\/?s={search_term_string}\"},\"query-input\":{\"@type\":\"PropertyValueSpecification\",\"valueRequired\":true,\"valueName\":\"search_term_string\"}}],\"inLanguage\":\"en-US\"},{\"@type\":\"Organization\",\"@id\":\"https:\/\/www.interactivemedia.az\/en\/#organization\",\"name\":\"Interactive Media\",\"url\":\"https:\/\/www.interactivemedia.az\/en\/\",\"logo\":{\"@type\":\"ImageObject\",\"inLanguage\":\"en-US\",\"@id\":\"https:\/\/www.interactivemedia.az\/en\/#\/schema\/logo\/image\/\",\"url\":\"https:\/\/www.interactivemedia.az\/wp-content\/uploads\/2018\/11\/interactivemedia_logo.png\",\"contentUrl\":\"https:\/\/www.interactivemedia.az\/wp-content\/uploads\/2018\/11\/interactivemedia_logo.png\",\"width\":181,\"height\":77,\"caption\":\"Interactive Media\"},\"image\":{\"@id\":\"https:\/\/www.interactivemedia.az\/en\/#\/schema\/logo\/image\/\"},\"sameAs\":[\"https:\/\/www.facebook.com\/interactivemediaa\/\",\"https:\/\/x.com\/media_baku\"]}]}<\/script>\n<!-- \/ Yoast SEO plugin. -->","yoast_head_json":{"title":"Mobile Marketing - Interactive Media","robots":{"index":"index","follow":"follow","max-snippet":"max-snippet:-1","max-image-preview":"max-image-preview:large","max-video-preview":"max-video-preview:-1"},"canonical":"https:\/\/www.interactivemedia.az\/en\/services\/mobile-marketing\/","og_locale":"en_US","og_type":"article","og_title":"Mobile Marketing - Interactive Media","og_description":"According to the definition provided by the Mobile Marketing Association, mobile marketing is a set of experiences that enables businesses to engage with their target audience in a relevant and interactive way through mobile devices. We differentiate mobile marketing from mobile advertising because mobile marketing should not be limited to the ability to advertise solely [&hellip;]","og_url":"https:\/\/www.interactivemedia.az\/en\/services\/mobile-marketing\/","og_site_name":"Interactive Media","article_publisher":"https:\/\/www.facebook.com\/interactivemediaa\/","article_modified_time":"2025-03-17T06:13:31+00:00","og_image":[{"width":1000,"height":750,"url":"https:\/\/www.interactivemedia.az\/wp-content\/uploads\/2018\/11\/4.jpg","type":"image\/jpeg"}],"twitter_card":"summary_large_image","twitter_site":"@media_baku","twitter_misc":{"Est. reading time":"3 minutes"},"schema":{"@context":"https:\/\/schema.org","@graph":[{"@type":"WebPage","@id":"https:\/\/www.interactivemedia.az\/en\/services\/mobile-marketing\/","url":"https:\/\/www.interactivemedia.az\/en\/services\/mobile-marketing\/","name":"Mobile Marketing - Interactive Media","isPartOf":{"@id":"https:\/\/www.interactivemedia.az\/en\/#website"},"primaryImageOfPage":{"@id":"https:\/\/www.interactivemedia.az\/en\/services\/mobile-marketing\/#primaryimage"},"image":{"@id":"https:\/\/www.interactivemedia.az\/en\/services\/mobile-marketing\/#primaryimage"},"thumbnailUrl":"https:\/\/www.interactivemedia.az\/wp-content\/uploads\/2018\/11\/4.jpg","datePublished":"2025-03-17T06:00:49+00:00","dateModified":"2025-03-17T06:13:31+00:00","breadcrumb":{"@id":"https:\/\/www.interactivemedia.az\/en\/services\/mobile-marketing\/#breadcrumb"},"inLanguage":"en-US","potentialAction":[{"@type":"ReadAction","target":["https:\/\/www.interactivemedia.az\/en\/services\/mobile-marketing\/"]}]},{"@type":"ImageObject","inLanguage":"en-US","@id":"https:\/\/www.interactivemedia.az\/en\/services\/mobile-marketing\/#primaryimage","url":"https:\/\/www.interactivemedia.az\/wp-content\/uploads\/2018\/11\/4.jpg","contentUrl":"https:\/\/www.interactivemedia.az\/wp-content\/uploads\/2018\/11\/4.jpg","width":1000,"height":750,"caption":"mobil marketinq"},{"@type":"BreadcrumbList","@id":"https:\/\/www.interactivemedia.az\/en\/services\/mobile-marketing\/#breadcrumb","itemListElement":[{"@type":"ListItem","position":1,"name":"Ana S\u0259hif\u0259","item":"https:\/\/www.interactivemedia.az\/en\/"},{"@type":"ListItem","position":2,"name":"Services","item":"https:\/\/www.interactivemedia.az\/en\/services\/"},{"@type":"ListItem","position":3,"name":"Mobile Marketing"}]},{"@type":"WebSite","@id":"https:\/\/www.interactivemedia.az\/en\/#website","url":"https:\/\/www.interactivemedia.az\/en\/","name":"Interactive Media","description":"Saytlar\u0131n Haz\u0131rlanmas\u0131, Sayt Haz\u0131rlanmas\u0131","publisher":{"@id":"https:\/\/www.interactivemedia.az\/en\/#organization"},"alternateName":"Saytlar\u0131n Haz\u0131rlanmas\u0131","potentialAction":[{"@type":"SearchAction","target":{"@type":"EntryPoint","urlTemplate":"https:\/\/www.interactivemedia.az\/en\/?s={search_term_string}"},"query-input":{"@type":"PropertyValueSpecification","valueRequired":true,"valueName":"search_term_string"}}],"inLanguage":"en-US"},{"@type":"Organization","@id":"https:\/\/www.interactivemedia.az\/en\/#organization","name":"Interactive Media","url":"https:\/\/www.interactivemedia.az\/en\/","logo":{"@type":"ImageObject","inLanguage":"en-US","@id":"https:\/\/www.interactivemedia.az\/en\/#\/schema\/logo\/image\/","url":"https:\/\/www.interactivemedia.az\/wp-content\/uploads\/2018\/11\/interactivemedia_logo.png","contentUrl":"https:\/\/www.interactivemedia.az\/wp-content\/uploads\/2018\/11\/interactivemedia_logo.png","width":181,"height":77,"caption":"Interactive Media"},"image":{"@id":"https:\/\/www.interactivemedia.az\/en\/#\/schema\/logo\/image\/"},"sameAs":["https:\/\/www.facebook.com\/interactivemediaa\/","https:\/\/x.com\/media_baku"]}]}},"_links":{"self":[{"href":"https:\/\/www.interactivemedia.az\/en\/wp-json\/wp\/v2\/pages\/7493","targetHints":{"allow":["GET"]}}],"collection":[{"href":"https:\/\/www.interactivemedia.az\/en\/wp-json\/wp\/v2\/pages"}],"about":[{"href":"https:\/\/www.interactivemedia.az\/en\/wp-json\/wp\/v2\/types\/page"}],"author":[{"embeddable":true,"href":"https:\/\/www.interactivemedia.az\/en\/wp-json\/wp\/v2\/users\/1"}],"replies":[{"embeddable":true,"href":"https:\/\/www.interactivemedia.az\/en\/wp-json\/wp\/v2\/comments?post=7493"}],"version-history":[{"count":4,"href":"https:\/\/www.interactivemedia.az\/en\/wp-json\/wp\/v2\/pages\/7493\/revisions"}],"predecessor-version":[{"id":7499,"href":"https:\/\/www.interactivemedia.az\/en\/wp-json\/wp\/v2\/pages\/7493\/revisions\/7499"}],"up":[{"embeddable":true,"href":"https:\/\/www.interactivemedia.az\/en\/wp-json\/wp\/v2\/pages\/7436"}],"wp:featuredmedia":[{"embeddable":true,"href":"https:\/\/www.interactivemedia.az\/en\/wp-json\/wp\/v2\/media\/3294"}],"wp:attachment":[{"href":"https:\/\/www.interactivemedia.az\/en\/wp-json\/wp\/v2\/media?parent=7493"}],"curies":[{"name":"wp","href":"https:\/\/api.w.org\/{rel}","templated":true}]}}