{"id":7436,"date":"2025-03-17T09:12:05","date_gmt":"2025-03-17T05:12:05","guid":{"rendered":"https:\/\/www.interactivemedia.az\/?page_id=7436"},"modified":"2025-03-17T14:50:02","modified_gmt":"2025-03-17T10:50:02","slug":"services","status":"publish","type":"page","link":"https:\/\/www.interactivemedia.az\/en\/services\/","title":{"rendered":"Services"},"content":{"rendered":"<div data-elementor-type=\"wp-post\" data-elementor-id=\"7436\" class=\"elementor elementor-7436\" data-elementor-post-type=\"page\">\n\t\t\t\t\t\t<section class=\"elementor-section elementor-top-section elementor-element elementor-element-3e6511b elementor-section-boxed elementor-section-height-default elementor-section-height-default\" data-id=\"3e6511b\" data-element_type=\"section\" data-e-type=\"section\">\n\t\t\t\t\t\t<div class=\"elementor-container elementor-column-gap-default\">\n\t\t\t\t\t<div class=\"elementor-column elementor-col-33 elementor-top-column elementor-element elementor-element-1261e8d\" data-id=\"1261e8d\" data-element_type=\"column\" data-e-type=\"column\">\n\t\t\t<div class=\"elementor-widget-wrap elementor-element-populated\">\n\t\t\t\t\t\t<div class=\"elementor-element elementor-element-36ce283 elementor-position-top elementor-widget elementor-widget-image-box\" data-id=\"36ce283\" data-element_type=\"widget\" data-e-type=\"widget\" data-widget_type=\"image-box.default\">\n\t\t\t\t<div class=\"elementor-widget-container\">\n\t\t\t\t\t<div class=\"elementor-image-box-wrapper\"><figure class=\"elementor-image-box-img\"><a href=\"\/en\/services\/website-development\/\" tabindex=\"-1\"><img fetchpriority=\"high\" decoding=\"async\" width=\"2000\" height=\"1432\" src=\"https:\/\/www.interactivemedia.az\/wp-content\/uploads\/2018\/11\/veb-saytlarinin-hazirlanmasi-3.png\" class=\"attachment-full size-full wp-image-3479\" alt=\"bu web saytlarin haz\u0131rlanmas\u0131 qiym\u0259tl\u0259ri haqq\u0131ndad\u0131\" srcset=\"https:\/\/www.interactivemedia.az\/wp-content\/uploads\/2018\/11\/veb-saytlarinin-hazirlanmasi-3.png 2000w, https:\/\/www.interactivemedia.az\/wp-content\/uploads\/2018\/11\/veb-saytlarinin-hazirlanmasi-3-300x215.png 300w, https:\/\/www.interactivemedia.az\/wp-content\/uploads\/2018\/11\/veb-saytlarinin-hazirlanmasi-3-768x550.png 768w, https:\/\/www.interactivemedia.az\/wp-content\/uploads\/2018\/11\/veb-saytlarinin-hazirlanmasi-3-1024x733.png 1024w\" sizes=\"(max-width: 2000px) 100vw, 2000px\" \/><\/a><\/figure><div class=\"elementor-image-box-content\"><h3 class=\"elementor-image-box-title\"><a href=\"\/en\/services\/website-development\/\">Website Development<\/a><\/h3><p class=\"elementor-image-box-description\">Regardless of being online or offline, most businesses now have their presence...\n<br>\n\n<div class=\"tw-readmore\"><a href=\"\/en\/services\/website-development\/\" style=\"color:#fa6742\">Read More<\/a><i class=\"fa fa-angle-right\"><\/i><\/div><\/p><\/div><\/div>\t\t\t\t<\/div>\n\t\t\t\t<\/div>\n\t\t\t\t\t<\/div>\n\t\t<\/div>\n\t\t\t\t<div class=\"elementor-column elementor-col-33 elementor-top-column elementor-element elementor-element-dd468bf\" data-id=\"dd468bf\" data-element_type=\"column\" data-e-type=\"column\">\n\t\t\t<div class=\"elementor-widget-wrap elementor-element-populated\">\n\t\t\t\t\t\t<div class=\"elementor-element elementor-element-ebc4940 elementor-position-top elementor-widget elementor-widget-image-box\" data-id=\"ebc4940\" data-element_type=\"widget\" data-e-type=\"widget\" data-widget_type=\"image-box.default\">\n\t\t\t\t<div class=\"elementor-widget-container\">\n\t\t\t\t\t<div class=\"elementor-image-box-wrapper\"><figure class=\"elementor-image-box-img\"><a href=\"\/en\/services\/google-ads-and-its-benefits\/\" tabindex=\"-1\"><img decoding=\"async\" width=\"250\" height=\"241\" src=\"https:\/\/www.interactivemedia.az\/wp-content\/uploads\/2018\/11\/google-axtariw.png\" class=\"attachment-full size-full wp-image-3464\" alt=\"veb saytlarin haz\u0131rlanmas\u0131 qiymetleri haqqinda sayt yaradan sirketler\" \/><\/a><\/figure><div class=\"elementor-image-box-content\"><h3 class=\"elementor-image-box-title\"><a href=\"\/en\/services\/google-ads-and-its-benefits\/\">Google Search Ads<\/a><\/h3><p class=\"elementor-image-box-description\">Google is the company with the largest market share in the world in the search engine sector...\n<br>\n\n<div class=\"tw-readmore\"><a href=\"\/en\/services\/google-ads-and-its-benefits\/\" style=\"color:#fa6742\">Read More<\/a><i class=\"fa fa-angle-right\"><\/i><\/div><\/p><\/div><\/div>\t\t\t\t<\/div>\n\t\t\t\t<\/div>\n\t\t\t\t\t<\/div>\n\t\t<\/div>\n\t\t\t\t<div class=\"elementor-column elementor-col-33 elementor-top-column elementor-element elementor-element-9e31ef5\" data-id=\"9e31ef5\" data-element_type=\"column\" data-e-type=\"column\">\n\t\t\t<div class=\"elementor-widget-wrap elementor-element-populated\">\n\t\t\t\t\t\t<div class=\"elementor-element elementor-element-2aeaf6b elementor-position-top elementor-widget elementor-widget-image-box\" data-id=\"2aeaf6b\" data-element_type=\"widget\" data-e-type=\"widget\" data-widget_type=\"image-box.default\">\n\t\t\t\t<div class=\"elementor-widget-container\">\n\t\t\t\t\t<div class=\"elementor-image-box-wrapper\"><figure class=\"elementor-image-box-img\"><a href=\"\/en\/services\/seo-service\/\" tabindex=\"-1\"><img decoding=\"async\" width=\"250\" height=\"203\" src=\"https:\/\/www.interactivemedia.az\/wp-content\/uploads\/2018\/11\/seo-1.png\" class=\"attachment-full size-full wp-image-3467\" alt=\"bu sekil seo ve internet saytlarin haz\u0131rlanmas\u0131 xidm\u0259tini g\u00f6st\u0259ririk\" \/><\/a><\/figure><div class=\"elementor-image-box-content\"><h3 class=\"elementor-image-box-title\"><a href=\"\/en\/services\/seo-service\/\">SEO Service<\/a><\/h3><p class=\"elementor-image-box-description\">Search engine optimization (SEO) improves your website's ranking...\n<br>\n\n<div class=\"tw-readmore\"><a href=\"\/en\/services\/seo-service\/\" style=\"color:#fa6742\">Read More<\/a><i class=\"fa fa-angle-right\"><\/i><\/div><\/p><\/div><\/div>\t\t\t\t<\/div>\n\t\t\t\t<\/div>\n\t\t\t\t\t<\/div>\n\t\t<\/div>\n\t\t\t\t\t<\/div>\n\t\t<\/section>\n\t\t\t\t<section class=\"elementor-section elementor-top-section elementor-element elementor-element-2fbb6ac elementor-section-boxed elementor-section-height-default elementor-section-height-default\" data-id=\"2fbb6ac\" data-element_type=\"section\" data-e-type=\"section\">\n\t\t\t\t\t\t<div class=\"elementor-container elementor-column-gap-default\">\n\t\t\t\t\t<div class=\"elementor-column elementor-col-33 elementor-top-column elementor-element elementor-element-dcdd0b2\" data-id=\"dcdd0b2\" data-element_type=\"column\" data-e-type=\"column\">\n\t\t\t<div class=\"elementor-widget-wrap elementor-element-populated\">\n\t\t\t\t\t\t<div class=\"elementor-element elementor-element-e8a0dc3 elementor-position-top elementor-widget elementor-widget-image-box\" data-id=\"e8a0dc3\" data-element_type=\"widget\" data-e-type=\"widget\" data-widget_type=\"image-box.default\">\n\t\t\t\t<div class=\"elementor-widget-container\">\n\t\t\t\t\t<div class=\"elementor-image-box-wrapper\"><figure class=\"elementor-image-box-img\"><a href=\"\/en\/services\/website-analysis\/\" tabindex=\"-1\"><img loading=\"lazy\" decoding=\"async\" width=\"250\" height=\"237\" src=\"https:\/\/www.interactivemedia.az\/wp-content\/uploads\/2018\/11\/sayt-analizi.png\" class=\"attachment-full size-full wp-image-3476\" alt=\"bu sekil ise web saytlarin hazirlanmasi g\u00f6st\u0259rir saytlarin yigilmasi\" \/><\/a><\/figure><div class=\"elementor-image-box-content\"><h3 class=\"elementor-image-box-title\"><a href=\"\/en\/services\/website-analysis\/\">Website Analysis<\/a><\/h3><p class=\"elementor-image-box-description\">Currently, most businesses have their own websites. And this...\n<br>\n\n<div class=\"tw-readmore\"><a href=\"\/en\/services\/website-analysis\/\" style=\"color:#fa6742\">Read More<\/a><i class=\"fa fa-angle-right\"><\/i><\/div><\/p><\/div><\/div>\t\t\t\t<\/div>\n\t\t\t\t<\/div>\n\t\t\t\t\t<\/div>\n\t\t<\/div>\n\t\t\t\t<div class=\"elementor-column elementor-col-33 elementor-top-column elementor-element elementor-element-2a11323\" data-id=\"2a11323\" data-element_type=\"column\" data-e-type=\"column\">\n\t\t\t<div class=\"elementor-widget-wrap elementor-element-populated\">\n\t\t\t\t\t\t<div class=\"elementor-element elementor-element-d2bac42 elementor-position-top elementor-widget elementor-widget-image-box\" data-id=\"d2bac42\" data-element_type=\"widget\" data-e-type=\"widget\" data-widget_type=\"image-box.default\">\n\t\t\t\t<div class=\"elementor-widget-container\">\n\t\t\t\t\t<div class=\"elementor-image-box-wrapper\"><figure class=\"elementor-image-box-img\"><a href=\"\/en\/services\/youtube-ads\/\" tabindex=\"-1\"><img loading=\"lazy\" decoding=\"async\" width=\"250\" height=\"201\" src=\"https:\/\/www.interactivemedia.az\/wp-content\/uploads\/2018\/11\/youtube-reklamlari.png\" class=\"attachment-full size-full wp-image-3463\" alt=\"bu ise web saytlarin hazirlanmasi ni gosterir\" \/><\/a><\/figure><div class=\"elementor-image-box-content\"><h3 class=\"elementor-image-box-title\"><a href=\"\/en\/services\/youtube-ads\/\">YouTube Ads<\/a><\/h3><p class=\"elementor-image-box-description\">YouTube is the second most visited website in the world after Google. Now, the world...\n<br>\n\n<div class=\"tw-readmore\"><a href=\"\/en\/services\/youtube-ads\/\" style=\"color:#fa6742\">Read More<\/a><i class=\"fa fa-angle-right\"><\/i><\/div><\/p><\/div><\/div>\t\t\t\t<\/div>\n\t\t\t\t<\/div>\n\t\t\t\t\t<\/div>\n\t\t<\/div>\n\t\t\t\t<div class=\"elementor-column elementor-col-33 elementor-top-column elementor-element elementor-element-1e37b9c\" data-id=\"1e37b9c\" data-element_type=\"column\" data-e-type=\"column\">\n\t\t\t<div class=\"elementor-widget-wrap elementor-element-populated\">\n\t\t\t\t\t\t<div class=\"elementor-element elementor-element-675e3f5 elementor-position-top elementor-widget elementor-widget-image-box\" data-id=\"675e3f5\" data-element_type=\"widget\" data-e-type=\"widget\" data-widget_type=\"image-box.default\">\n\t\t\t\t<div class=\"elementor-widget-container\">\n\t\t\t\t\t<div class=\"elementor-image-box-wrapper\"><figure class=\"elementor-image-box-img\"><a href=\"\/en\/services\/social-media-marketing\/\" tabindex=\"-1\"><img loading=\"lazy\" decoding=\"async\" width=\"250\" height=\"222\" src=\"https:\/\/www.interactivemedia.az\/wp-content\/uploads\/2018\/11\/smm.png\" class=\"attachment-full size-full wp-image-3468\" alt=\"sosial media ve saytlarin hazirlanmasi qiymetleri bizde interactive media\" \/><\/a><\/figure><div class=\"elementor-image-box-content\"><h3 class=\"elementor-image-box-title\"><a href=\"\/en\/services\/social-media-marketing\/\">Social Media Marketing<\/a><\/h3><p class=\"elementor-image-box-description\">Social media marketing is one of the most effective advertising methods of today and the future...\n<br>\n\n<div class=\"tw-readmore\"><a href=\"\/en\/services\/social-media-marketing\/\" style=\"color:#fa6742\">Read More<\/a><i class=\"fa fa-angle-right\"><\/i><\/div><\/p><\/div><\/div>\t\t\t\t<\/div>\n\t\t\t\t<\/div>\n\t\t\t\t\t<\/div>\n\t\t<\/div>\n\t\t\t\t\t<\/div>\n\t\t<\/section>\n\t\t\t\t<section class=\"elementor-section elementor-top-section elementor-element elementor-element-d2cc98e elementor-section-boxed elementor-section-height-default elementor-section-height-default\" data-id=\"d2cc98e\" data-element_type=\"section\" data-e-type=\"section\">\n\t\t\t\t\t\t<div class=\"elementor-container elementor-column-gap-default\">\n\t\t\t\t\t<div class=\"elementor-column elementor-col-33 elementor-top-column elementor-element elementor-element-dc35019\" data-id=\"dc35019\" data-element_type=\"column\" data-e-type=\"column\">\n\t\t\t<div class=\"elementor-widget-wrap elementor-element-populated\">\n\t\t\t\t\t\t<div class=\"elementor-element elementor-element-a836954 elementor-position-top elementor-widget elementor-widget-image-box\" data-id=\"a836954\" data-element_type=\"widget\" data-e-type=\"widget\" data-widget_type=\"image-box.default\">\n\t\t\t\t<div class=\"elementor-widget-container\">\n\t\t\t\t\t<div class=\"elementor-image-box-wrapper\"><figure class=\"elementor-image-box-img\"><a href=\"\/en\/services\/online-banner-ads\/\" tabindex=\"-1\"><img loading=\"lazy\" decoding=\"async\" width=\"250\" height=\"202\" src=\"https:\/\/www.interactivemedia.az\/wp-content\/uploads\/2018\/11\/onlayn-banner.png\" class=\"attachment-full size-full wp-image-3465\" alt=\"sayt hazirlanmasi haqqinda sayt yiganlar bildirir\" \/><\/a><\/figure><div class=\"elementor-image-box-content\"><h3 class=\"elementor-image-box-title\"><a href=\"\/en\/services\/online-banner-ads\/\">Online Banner Ads<\/a><\/h3><p class=\"elementor-image-box-description\">Online banner ads or display advertising are various...\n<br>\n\n<div class=\"tw-readmore\"><a href=\"\/en\/services\/online-banner-ads\/\" style=\"color:#fa6742\">Read More<\/a><i class=\"fa fa-angle-right\"><\/i><\/div><\/p><\/div><\/div>\t\t\t\t<\/div>\n\t\t\t\t<\/div>\n\t\t\t\t\t<\/div>\n\t\t<\/div>\n\t\t\t\t<div class=\"elementor-column elementor-col-33 elementor-top-column elementor-element elementor-element-38c63e9\" data-id=\"38c63e9\" data-element_type=\"column\" data-e-type=\"column\">\n\t\t\t<div class=\"elementor-widget-wrap elementor-element-populated\">\n\t\t\t\t\t\t<div class=\"elementor-element elementor-element-6b7017f elementor-position-top elementor-widget elementor-widget-image-box\" data-id=\"6b7017f\" data-element_type=\"widget\" data-e-type=\"widget\" data-widget_type=\"image-box.default\">\n\t\t\t\t<div class=\"elementor-widget-container\">\n\t\t\t\t\t<div class=\"elementor-image-box-wrapper\"><figure class=\"elementor-image-box-img\"><a href=\"\/en\/services\/mobile-marketing\/\" tabindex=\"-1\"><img loading=\"lazy\" decoding=\"async\" width=\"250\" height=\"291\" src=\"https:\/\/www.interactivemedia.az\/wp-content\/uploads\/2018\/11\/mobil.png\" class=\"attachment-full size-full wp-image-3469\" alt=\"sayt yaradan sirketler haqqinda\" \/><\/a><\/figure><div class=\"elementor-image-box-content\"><h3 class=\"elementor-image-box-title\"><a href=\"\/en\/services\/mobile-marketing\/\">Mobile Marketing<\/a><\/h3><p class=\"elementor-image-box-description\">According to the definition provided by the Mobile Marketing Association of America...\n<br>\n\n<div class=\"tw-readmore\"><a href=\"\/en\/services\/mobile-marketing\/\" style=\"color:#fa6742\">Read More<\/a><i class=\"fa fa-angle-right\"><\/i><\/div><\/p><\/div><\/div>\t\t\t\t<\/div>\n\t\t\t\t<\/div>\n\t\t\t\t\t<\/div>\n\t\t<\/div>\n\t\t\t\t<div class=\"elementor-column elementor-col-33 elementor-top-column elementor-element elementor-element-8acecdb\" data-id=\"8acecdb\" data-element_type=\"column\" data-e-type=\"column\">\n\t\t\t<div class=\"elementor-widget-wrap elementor-element-populated\">\n\t\t\t\t\t\t<div class=\"elementor-element elementor-element-c030a44 elementor-position-top elementor-widget elementor-widget-image-box\" data-id=\"c030a44\" data-element_type=\"widget\" data-e-type=\"widget\" data-widget_type=\"image-box.default\">\n\t\t\t\t<div class=\"elementor-widget-container\">\n\t\t\t\t\t<div class=\"elementor-image-box-wrapper\"><figure class=\"elementor-image-box-img\"><a href=\"\/en\/services\/video-clip-2d-3d-animation-production\/\" tabindex=\"-1\"><img loading=\"lazy\" decoding=\"async\" width=\"250\" height=\"201\" src=\"https:\/\/www.interactivemedia.az\/wp-content\/uploads\/2019\/05\/vidoe-rolik.png\" class=\"attachment-full size-full wp-image-4119\" alt=\"web saytlarin qiymetleri ve hazirlanmasi\" \/><\/a><\/figure><div class=\"elementor-image-box-content\"><h3 class=\"elementor-image-box-title\"><a href=\"\/en\/services\/video-clip-2d-3d-animation-production\/\">Video Clip<\/a><\/h3><p class=\"elementor-image-box-description\">In the modern era, video clips have become an important part of online marketing...\n<br>\n\n<div class=\"tw-readmore\"><a href=\"\/en\/services\/video-clip-2d-3d-animation-production\/\" style=\"color:#fa6742\">Read More<\/a><i class=\"fa fa-angle-right\"><\/i><\/div><\/p><\/div><\/div>\t\t\t\t<\/div>\n\t\t\t\t<\/div>\n\t\t\t\t\t<\/div>\n\t\t<\/div>\n\t\t\t\t\t<\/div>\n\t\t<\/section>\n\t\t\t\t<\/div>","protected":false},"excerpt":{"rendered":"<p>Website Development Regardless of being online or offline, most businesses now have their presence&#8230; Read More Google Search Ads Google is the company with the largest market share in the world in the search engine sector&#8230; Read More SEO Service Search engine optimization (SEO) improves your website&#8217;s ranking&#8230; Read More Website Analysis Currently, most businesses [&hellip;]<\/p>\n","protected":false},"author":1,"featured_media":0,"parent":0,"menu_order":0,"comment_status":"closed","ping_status":"closed","template":"template\/template-full-width.php","meta":{"footnotes":""},"class_list":["post-7436","page","type-page","status-publish","hentry"],"yoast_head":"<!-- This site is optimized with the Yoast SEO plugin v27.1.1 - https:\/\/yoast.com\/product\/yoast-seo-wordpress\/ -->\n<title>Services - Interactive Media<\/title>\n<meta name=\"robots\" content=\"index, follow, max-snippet:-1, max-image-preview:large, max-video-preview:-1\" \/>\n<link rel=\"canonical\" href=\"https:\/\/www.interactivemedia.az\/en\/services\/\" \/>\n<meta property=\"og:locale\" content=\"en_US\" \/>\n<meta property=\"og:type\" content=\"article\" \/>\n<meta property=\"og:title\" content=\"Services - Interactive Media\" \/>\n<meta property=\"og:description\" content=\"Website Development Regardless of being online or offline, most businesses now have their presence&#8230; Read More Google Search Ads Google is the company with the largest market share in the world in the search engine sector&#8230; Read More SEO Service Search engine optimization (SEO) improves your website&#8217;s ranking&#8230; Read More Website Analysis Currently, most businesses [&hellip;]\" \/>\n<meta property=\"og:url\" content=\"https:\/\/www.interactivemedia.az\/en\/services\/\" \/>\n<meta property=\"og:site_name\" content=\"Interactive Media\" \/>\n<meta property=\"article:publisher\" content=\"https:\/\/www.facebook.com\/interactivemediaa\/\" \/>\n<meta property=\"article:modified_time\" content=\"2025-03-17T10:50:02+00:00\" \/>\n<meta property=\"og:image\" content=\"https:\/\/www.interactivemedia.az\/wp-content\/uploads\/2018\/11\/veb-saytlarinin-hazirlanmasi-3.png\" \/>\n\t<meta property=\"og:image:width\" content=\"2000\" \/>\n\t<meta property=\"og:image:height\" content=\"1432\" \/>\n\t<meta property=\"og:image:type\" content=\"image\/png\" \/>\n<meta name=\"twitter:card\" content=\"summary_large_image\" \/>\n<meta name=\"twitter:site\" content=\"@media_baku\" \/>\n<meta name=\"twitter:label1\" content=\"Est. reading time\" \/>\n\t<meta name=\"twitter:data1\" content=\"3 minutes\" \/>\n<script type=\"application\/ld+json\" class=\"yoast-schema-graph\">{\"@context\":\"https:\/\/schema.org\",\"@graph\":[{\"@type\":\"WebPage\",\"@id\":\"https:\/\/www.interactivemedia.az\/en\/services\/\",\"url\":\"https:\/\/www.interactivemedia.az\/en\/services\/\",\"name\":\"Services - Interactive Media\",\"isPartOf\":{\"@id\":\"https:\/\/www.interactivemedia.az\/en\/#website\"},\"primaryImageOfPage\":{\"@id\":\"https:\/\/www.interactivemedia.az\/en\/services\/#primaryimage\"},\"image\":{\"@id\":\"https:\/\/www.interactivemedia.az\/en\/services\/#primaryimage\"},\"thumbnailUrl\":\"https:\/\/www.interactivemedia.az\/wp-content\/uploads\/2018\/11\/veb-saytlarinin-hazirlanmasi-3.png\",\"datePublished\":\"2025-03-17T05:12:05+00:00\",\"dateModified\":\"2025-03-17T10:50:02+00:00\",\"breadcrumb\":{\"@id\":\"https:\/\/www.interactivemedia.az\/en\/services\/#breadcrumb\"},\"inLanguage\":\"en-US\",\"potentialAction\":[{\"@type\":\"ReadAction\",\"target\":[\"https:\/\/www.interactivemedia.az\/en\/services\/\"]}]},{\"@type\":\"ImageObject\",\"inLanguage\":\"en-US\",\"@id\":\"https:\/\/www.interactivemedia.az\/en\/services\/#primaryimage\",\"url\":\"https:\/\/www.interactivemedia.az\/wp-content\/uploads\/2018\/11\/veb-saytlarinin-hazirlanmasi-3.png\",\"contentUrl\":\"https:\/\/www.interactivemedia.az\/wp-content\/uploads\/2018\/11\/veb-saytlarinin-hazirlanmasi-3.png\"},{\"@type\":\"BreadcrumbList\",\"@id\":\"https:\/\/www.interactivemedia.az\/en\/services\/#breadcrumb\",\"itemListElement\":[{\"@type\":\"ListItem\",\"position\":1,\"name\":\"Ana S\u0259hif\u0259\",\"item\":\"https:\/\/www.interactivemedia.az\/en\/\"},{\"@type\":\"ListItem\",\"position\":2,\"name\":\"Services\"}]},{\"@type\":\"WebSite\",\"@id\":\"https:\/\/www.interactivemedia.az\/en\/#website\",\"url\":\"https:\/\/www.interactivemedia.az\/en\/\",\"name\":\"Interactive Media\",\"description\":\"Saytlar\u0131n Haz\u0131rlanmas\u0131, Sayt Haz\u0131rlanmas\u0131\",\"publisher\":{\"@id\":\"https:\/\/www.interactivemedia.az\/en\/#organization\"},\"alternateName\":\"Saytlar\u0131n Haz\u0131rlanmas\u0131\",\"potentialAction\":[{\"@type\":\"SearchAction\",\"target\":{\"@type\":\"EntryPoint\",\"urlTemplate\":\"https:\/\/www.interactivemedia.az\/en\/?s={search_term_string}\"},\"query-input\":{\"@type\":\"PropertyValueSpecification\",\"valueRequired\":true,\"valueName\":\"search_term_string\"}}],\"inLanguage\":\"en-US\"},{\"@type\":\"Organization\",\"@id\":\"https:\/\/www.interactivemedia.az\/en\/#organization\",\"name\":\"Interactive Media\",\"url\":\"https:\/\/www.interactivemedia.az\/en\/\",\"logo\":{\"@type\":\"ImageObject\",\"inLanguage\":\"en-US\",\"@id\":\"https:\/\/www.interactivemedia.az\/en\/#\/schema\/logo\/image\/\",\"url\":\"https:\/\/www.interactivemedia.az\/wp-content\/uploads\/2018\/11\/interactivemedia_logo.png\",\"contentUrl\":\"https:\/\/www.interactivemedia.az\/wp-content\/uploads\/2018\/11\/interactivemedia_logo.png\",\"width\":181,\"height\":77,\"caption\":\"Interactive Media\"},\"image\":{\"@id\":\"https:\/\/www.interactivemedia.az\/en\/#\/schema\/logo\/image\/\"},\"sameAs\":[\"https:\/\/www.facebook.com\/interactivemediaa\/\",\"https:\/\/x.com\/media_baku\"]}]}<\/script>\n<!-- \/ Yoast SEO plugin. -->","yoast_head_json":{"title":"Services - Interactive Media","robots":{"index":"index","follow":"follow","max-snippet":"max-snippet:-1","max-image-preview":"max-image-preview:large","max-video-preview":"max-video-preview:-1"},"canonical":"https:\/\/www.interactivemedia.az\/en\/services\/","og_locale":"en_US","og_type":"article","og_title":"Services - Interactive Media","og_description":"Website Development Regardless of being online or offline, most businesses now have their presence&#8230; Read More Google Search Ads Google is the company with the largest market share in the world in the search engine sector&#8230; Read More SEO Service Search engine optimization (SEO) improves your website&#8217;s ranking&#8230; Read More Website Analysis Currently, most businesses [&hellip;]","og_url":"https:\/\/www.interactivemedia.az\/en\/services\/","og_site_name":"Interactive Media","article_publisher":"https:\/\/www.facebook.com\/interactivemediaa\/","article_modified_time":"2025-03-17T10:50:02+00:00","og_image":[{"width":2000,"height":1432,"url":"https:\/\/www.interactivemedia.az\/wp-content\/uploads\/2018\/11\/veb-saytlarinin-hazirlanmasi-3.png","type":"image\/png"}],"twitter_card":"summary_large_image","twitter_site":"@media_baku","twitter_misc":{"Est. reading time":"3 minutes"},"schema":{"@context":"https:\/\/schema.org","@graph":[{"@type":"WebPage","@id":"https:\/\/www.interactivemedia.az\/en\/services\/","url":"https:\/\/www.interactivemedia.az\/en\/services\/","name":"Services - Interactive Media","isPartOf":{"@id":"https:\/\/www.interactivemedia.az\/en\/#website"},"primaryImageOfPage":{"@id":"https:\/\/www.interactivemedia.az\/en\/services\/#primaryimage"},"image":{"@id":"https:\/\/www.interactivemedia.az\/en\/services\/#primaryimage"},"thumbnailUrl":"https:\/\/www.interactivemedia.az\/wp-content\/uploads\/2018\/11\/veb-saytlarinin-hazirlanmasi-3.png","datePublished":"2025-03-17T05:12:05+00:00","dateModified":"2025-03-17T10:50:02+00:00","breadcrumb":{"@id":"https:\/\/www.interactivemedia.az\/en\/services\/#breadcrumb"},"inLanguage":"en-US","potentialAction":[{"@type":"ReadAction","target":["https:\/\/www.interactivemedia.az\/en\/services\/"]}]},{"@type":"ImageObject","inLanguage":"en-US","@id":"https:\/\/www.interactivemedia.az\/en\/services\/#primaryimage","url":"https:\/\/www.interactivemedia.az\/wp-content\/uploads\/2018\/11\/veb-saytlarinin-hazirlanmasi-3.png","contentUrl":"https:\/\/www.interactivemedia.az\/wp-content\/uploads\/2018\/11\/veb-saytlarinin-hazirlanmasi-3.png"},{"@type":"BreadcrumbList","@id":"https:\/\/www.interactivemedia.az\/en\/services\/#breadcrumb","itemListElement":[{"@type":"ListItem","position":1,"name":"Ana S\u0259hif\u0259","item":"https:\/\/www.interactivemedia.az\/en\/"},{"@type":"ListItem","position":2,"name":"Services"}]},{"@type":"WebSite","@id":"https:\/\/www.interactivemedia.az\/en\/#website","url":"https:\/\/www.interactivemedia.az\/en\/","name":"Interactive Media","description":"Saytlar\u0131n Haz\u0131rlanmas\u0131, Sayt Haz\u0131rlanmas\u0131","publisher":{"@id":"https:\/\/www.interactivemedia.az\/en\/#organization"},"alternateName":"Saytlar\u0131n Haz\u0131rlanmas\u0131","potentialAction":[{"@type":"SearchAction","target":{"@type":"EntryPoint","urlTemplate":"https:\/\/www.interactivemedia.az\/en\/?s={search_term_string}"},"query-input":{"@type":"PropertyValueSpecification","valueRequired":true,"valueName":"search_term_string"}}],"inLanguage":"en-US"},{"@type":"Organization","@id":"https:\/\/www.interactivemedia.az\/en\/#organization","name":"Interactive Media","url":"https:\/\/www.interactivemedia.az\/en\/","logo":{"@type":"ImageObject","inLanguage":"en-US","@id":"https:\/\/www.interactivemedia.az\/en\/#\/schema\/logo\/image\/","url":"https:\/\/www.interactivemedia.az\/wp-content\/uploads\/2018\/11\/interactivemedia_logo.png","contentUrl":"https:\/\/www.interactivemedia.az\/wp-content\/uploads\/2018\/11\/interactivemedia_logo.png","width":181,"height":77,"caption":"Interactive Media"},"image":{"@id":"https:\/\/www.interactivemedia.az\/en\/#\/schema\/logo\/image\/"},"sameAs":["https:\/\/www.facebook.com\/interactivemediaa\/","https:\/\/x.com\/media_baku"]}]}},"_links":{"self":[{"href":"https:\/\/www.interactivemedia.az\/en\/wp-json\/wp\/v2\/pages\/7436","targetHints":{"allow":["GET"]}}],"collection":[{"href":"https:\/\/www.interactivemedia.az\/en\/wp-json\/wp\/v2\/pages"}],"about":[{"href":"https:\/\/www.interactivemedia.az\/en\/wp-json\/wp\/v2\/types\/page"}],"author":[{"embeddable":true,"href":"https:\/\/www.interactivemedia.az\/en\/wp-json\/wp\/v2\/users\/1"}],"replies":[{"embeddable":true,"href":"https:\/\/www.interactivemedia.az\/en\/wp-json\/wp\/v2\/comments?post=7436"}],"version-history":[{"count":5,"href":"https:\/\/www.interactivemedia.az\/en\/wp-json\/wp\/v2\/pages\/7436\/revisions"}],"predecessor-version":[{"id":7677,"href":"https:\/\/www.interactivemedia.az\/en\/wp-json\/wp\/v2\/pages\/7436\/revisions\/7677"}],"wp:attachment":[{"href":"https:\/\/www.interactivemedia.az\/en\/wp-json\/wp\/v2\/media?parent=7436"}],"curies":[{"name":"wp","href":"https:\/\/api.w.org\/{rel}","templated":true}]}}