{"id":7423,"date":"2025-03-17T09:07:18","date_gmt":"2025-03-17T05:07:18","guid":{"rendered":"https:\/\/www.interactivemedia.az\/?page_id=7423"},"modified":"2025-03-17T09:10:36","modified_gmt":"2025-03-17T05:10:36","slug":"career","status":"publish","type":"page","link":"https:\/\/www.interactivemedia.az\/en\/career\/","title":{"rendered":"Career"},"content":{"rendered":"<div data-elementor-type=\"wp-post\" data-elementor-id=\"7423\" class=\"elementor elementor-7423\" data-elementor-post-type=\"page\">\n\t\t\t\t\t\t<section class=\"elementor-section elementor-top-section elementor-element elementor-element-65a24af1 elementor-section-boxed elementor-section-height-default elementor-section-height-default\" data-id=\"65a24af1\" data-element_type=\"section\" data-e-type=\"section\">\n\t\t\t\t\t\t<div class=\"elementor-container elementor-column-gap-default\">\n\t\t\t\t\t<div class=\"elementor-column elementor-col-100 elementor-top-column elementor-element elementor-element-9d5b31c\" data-id=\"9d5b31c\" data-element_type=\"column\" data-e-type=\"column\">\n\t\t\t<div class=\"elementor-widget-wrap elementor-element-populated\">\n\t\t\t\t\t\t<div class=\"elementor-element elementor-element-48619d7 elementor-widget elementor-widget-text-editor\" data-id=\"48619d7\" data-element_type=\"widget\" data-e-type=\"widget\" data-widget_type=\"text-editor.default\">\n\t\t\t\t<div class=\"elementor-widget-container\">\n\t\t\t\t\t\t\t\t\t<h2><strong><img fetchpriority=\"high\" decoding=\"async\" class=\"alignright wp-image-4112\" src=\"https:\/\/www.interactivemedia.az\/wp-content\/uploads\/2019\/05\/122901.jpg\" alt=\"karyera bolmesini gosterir\" width=\"471\" height=\"471\" srcset=\"https:\/\/www.interactivemedia.az\/wp-content\/uploads\/2019\/05\/122901.jpg 2500w, https:\/\/www.interactivemedia.az\/wp-content\/uploads\/2019\/05\/122901-150x150.jpg 150w, https:\/\/www.interactivemedia.az\/wp-content\/uploads\/2019\/05\/122901-300x300.jpg 300w, https:\/\/www.interactivemedia.az\/wp-content\/uploads\/2019\/05\/122901-768x768.jpg 768w, https:\/\/www.interactivemedia.az\/wp-content\/uploads\/2019\/05\/122901-1024x1024.jpg 1024w\" sizes=\"(max-width: 471px) 100vw, 471px\" \/><\/strong><\/h2><h3 data-start=\"19\" data-end=\"86\"><strong data-start=\"23\" data-end=\"86\">Let&#8217;s Continue Your Career Journey with a Reliable Partner!<\/strong><\/h3><p data-start=\"88\" data-end=\"473\">Interactive Media, an online marketing agency, is a company that provides its employees with great opportunities to develop and implement their ideas in the internet marketing field. We ensure the exchange of knowledge and experience within our team. In a short time, we have become a leader in the online marketing market in several service areas (flawless website design, SEO, etc.).<\/p><p data-start=\"475\" data-end=\"957\">Our success is, first and foremost, the success of our team and each of our employees. Depending on the development pace of the Azerbaijani internet marketing market, we demand high professionalism, dedication, and constant initiative from our employees. We would be happy to have specialists who have worked in different areas of the internet marketing market, as well as other professional staff \u2013 specialized, goal-oriented, energetic, and success-driven individuals in our team.<\/p><p data-start=\"959\" data-end=\"999\"><strong data-start=\"959\" data-end=\"999\">General Requirements for Candidates:<\/strong><\/p><ul data-start=\"1001\" data-end=\"1282\"><li data-start=\"1001\" data-end=\"1022\">High responsibility<\/li><li data-start=\"1023\" data-end=\"1041\">Higher education<\/li><li data-start=\"1042\" data-end=\"1091\">Strong enthusiasm for working with the internet<\/li><li data-start=\"1092\" data-end=\"1164\">English at least intermediate level or advanced proficiency in Russian<\/li><li data-start=\"1165\" data-end=\"1282\">Preference will be given to third or fourth-year students or young professionals who have graduated from university<\/li><\/ul><p data-start=\"1284\" data-end=\"1316\"><strong data-start=\"1284\" data-end=\"1316\">Campaign Manager (Assistant)<\/strong><\/p><p data-start=\"1318\" data-end=\"1456\">To fully control online campaigns, you will need to enhance your theoretical knowledge with practical experience and online certification.<\/p><ul data-start=\"1458\" data-end=\"1746\"><li data-start=\"1458\" data-end=\"1521\">Education in management, marketing, or economics is preferred<\/li><li data-start=\"1522\" data-end=\"1559\">Strong interest in online marketing<\/li><li data-start=\"1560\" data-end=\"1639\">Interest in mathematical calculations and the ability to work with statistics<\/li><li data-start=\"1640\" data-end=\"1668\">Analytical thinking skills<\/li><li data-start=\"1669\" data-end=\"1696\">Innovation and initiative<\/li><li data-start=\"1697\" data-end=\"1746\">MS Excel skills, particularly with Pivot Tables<\/li><\/ul><p data-start=\"1748\" data-end=\"1776\"><strong data-start=\"1748\" data-end=\"1776\">Flash &amp; Graphic Designer<\/strong><\/p><ul data-start=\"1778\" data-end=\"2033\"><li data-start=\"1778\" data-end=\"1842\">Proficient in Adobe Photoshop, Adobe Illustrator, or CorelDRAW<\/li><li data-start=\"1843\" data-end=\"1882\">Knowledge of Adobe InDesign is a plus<\/li><li data-start=\"1883\" data-end=\"1936\">Higher education in technical or art-related fields<\/li><li data-start=\"1937\" data-end=\"2005\">Ability to create static graphic banners and dynamic flash banners<\/li><li data-start=\"2006\" data-end=\"2033\">Initiative and creativity<\/li><\/ul><p data-start=\"2035\" data-end=\"2052\"><strong data-start=\"2035\" data-end=\"2052\">Web Developer<\/strong><\/p><ul data-start=\"2054\" data-end=\"2297\"><li data-start=\"2054\" data-end=\"2085\">Education in technical fields<\/li><li data-start=\"2086\" data-end=\"2136\">Proficiency in HTML5, CSS3, and Jquery is a must<\/li><li data-start=\"2137\" data-end=\"2168\">Knowledge of PHP, MySQL, etc.<\/li><li data-start=\"2169\" data-end=\"2195\">Fast work with WordPress<\/li><li data-start=\"2196\" data-end=\"2252\">Experience with CodeIgniter Web Framework is preferred<\/li><li data-start=\"2253\" data-end=\"2297\">Experience in building responsive websites<\/li><\/ul><p data-start=\"2299\" data-end=\"2764\">Those who consider themselves suitable for the vacancies listed above are kindly requested to send their CVs in PDF format to <a rel=\"noopener\" data-start=\"2425\" data-end=\"2451\">career@interactivemedia.az<\/a>. In addition, candidates who do not match the vacancies but consider themselves a good fit for any area of internet marketing can send their CVs and potential contributions to the company via email. Every email will be carefully reviewed, and you will receive a response about the next steps as soon as possible.<\/p>\t\t\t\t\t\t\t\t<\/div>\n\t\t\t\t<\/div>\n\t\t\t\t\t<\/div>\n\t\t<\/div>\n\t\t\t\t\t<\/div>\n\t\t<\/section>\n\t\t\t\t<\/div>","protected":false},"excerpt":{"rendered":"<p>Let&#8217;s Continue Your Career Journey with a Reliable Partner! Interactive Media, an online marketing agency, is a company that provides its employees with great opportunities to develop and implement their ideas in the internet marketing field. We ensure the exchange of knowledge and experience within our team. In a short time, we have become a [&hellip;]<\/p>\n","protected":false},"author":1,"featured_media":0,"parent":0,"menu_order":0,"comment_status":"closed","ping_status":"closed","template":"template\/template-full-width.php","meta":{"footnotes":""},"class_list":["post-7423","page","type-page","status-publish","hentry"],"yoast_head":"<!-- This site is optimized with the Yoast SEO plugin v27.1.1 - https:\/\/yoast.com\/product\/yoast-seo-wordpress\/ -->\n<title>Career - Interactive Media<\/title>\n<meta name=\"robots\" content=\"index, follow, max-snippet:-1, max-image-preview:large, max-video-preview:-1\" \/>\n<link rel=\"canonical\" href=\"https:\/\/www.interactivemedia.az\/en\/career\/\" \/>\n<meta property=\"og:locale\" content=\"en_US\" \/>\n<meta property=\"og:type\" content=\"article\" \/>\n<meta property=\"og:title\" content=\"Career - Interactive Media\" \/>\n<meta property=\"og:description\" content=\"Let&#8217;s Continue Your Career Journey with a Reliable Partner! Interactive Media, an online marketing agency, is a company that provides its employees with great opportunities to develop and implement their ideas in the internet marketing field. We ensure the exchange of knowledge and experience within our team. In a short time, we have become a [&hellip;]\" \/>\n<meta property=\"og:url\" content=\"https:\/\/www.interactivemedia.az\/en\/career\/\" \/>\n<meta property=\"og:site_name\" content=\"Interactive Media\" \/>\n<meta property=\"article:publisher\" content=\"https:\/\/www.facebook.com\/interactivemediaa\/\" \/>\n<meta property=\"article:modified_time\" content=\"2025-03-17T05:10:36+00:00\" \/>\n<meta property=\"og:image\" content=\"https:\/\/www.interactivemedia.az\/wp-content\/uploads\/2019\/05\/122901.jpg\" \/>\n\t<meta property=\"og:image:width\" content=\"2500\" \/>\n\t<meta property=\"og:image:height\" content=\"2500\" \/>\n\t<meta property=\"og:image:type\" content=\"image\/jpeg\" \/>\n<meta name=\"twitter:card\" content=\"summary_large_image\" \/>\n<meta name=\"twitter:site\" content=\"@media_baku\" \/>\n<meta name=\"twitter:label1\" content=\"Est. reading time\" \/>\n\t<meta name=\"twitter:data1\" content=\"3 minutes\" \/>\n<script type=\"application\/ld+json\" class=\"yoast-schema-graph\">{\"@context\":\"https:\/\/schema.org\",\"@graph\":[{\"@type\":\"WebPage\",\"@id\":\"https:\/\/www.interactivemedia.az\/en\/career\/\",\"url\":\"https:\/\/www.interactivemedia.az\/en\/career\/\",\"name\":\"Career - Interactive Media\",\"isPartOf\":{\"@id\":\"https:\/\/www.interactivemedia.az\/en\/#website\"},\"primaryImageOfPage\":{\"@id\":\"https:\/\/www.interactivemedia.az\/en\/career\/#primaryimage\"},\"image\":{\"@id\":\"https:\/\/www.interactivemedia.az\/en\/career\/#primaryimage\"},\"thumbnailUrl\":\"https:\/\/www.interactivemedia.az\/wp-content\/uploads\/2019\/05\/122901.jpg\",\"datePublished\":\"2025-03-17T05:07:18+00:00\",\"dateModified\":\"2025-03-17T05:10:36+00:00\",\"breadcrumb\":{\"@id\":\"https:\/\/www.interactivemedia.az\/en\/career\/#breadcrumb\"},\"inLanguage\":\"en-US\",\"potentialAction\":[{\"@type\":\"ReadAction\",\"target\":[\"https:\/\/www.interactivemedia.az\/en\/career\/\"]}]},{\"@type\":\"ImageObject\",\"inLanguage\":\"en-US\",\"@id\":\"https:\/\/www.interactivemedia.az\/en\/career\/#primaryimage\",\"url\":\"https:\/\/www.interactivemedia.az\/wp-content\/uploads\/2019\/05\/122901.jpg\",\"contentUrl\":\"https:\/\/www.interactivemedia.az\/wp-content\/uploads\/2019\/05\/122901.jpg\"},{\"@type\":\"BreadcrumbList\",\"@id\":\"https:\/\/www.interactivemedia.az\/en\/career\/#breadcrumb\",\"itemListElement\":[{\"@type\":\"ListItem\",\"position\":1,\"name\":\"Ana S\u0259hif\u0259\",\"item\":\"https:\/\/www.interactivemedia.az\/en\/\"},{\"@type\":\"ListItem\",\"position\":2,\"name\":\"Career\"}]},{\"@type\":\"WebSite\",\"@id\":\"https:\/\/www.interactivemedia.az\/en\/#website\",\"url\":\"https:\/\/www.interactivemedia.az\/en\/\",\"name\":\"Interactive Media\",\"description\":\"Saytlar\u0131n Haz\u0131rlanmas\u0131, Sayt Haz\u0131rlanmas\u0131\",\"publisher\":{\"@id\":\"https:\/\/www.interactivemedia.az\/en\/#organization\"},\"alternateName\":\"Saytlar\u0131n Haz\u0131rlanmas\u0131\",\"potentialAction\":[{\"@type\":\"SearchAction\",\"target\":{\"@type\":\"EntryPoint\",\"urlTemplate\":\"https:\/\/www.interactivemedia.az\/en\/?s={search_term_string}\"},\"query-input\":{\"@type\":\"PropertyValueSpecification\",\"valueRequired\":true,\"valueName\":\"search_term_string\"}}],\"inLanguage\":\"en-US\"},{\"@type\":\"Organization\",\"@id\":\"https:\/\/www.interactivemedia.az\/en\/#organization\",\"name\":\"Interactive Media\",\"url\":\"https:\/\/www.interactivemedia.az\/en\/\",\"logo\":{\"@type\":\"ImageObject\",\"inLanguage\":\"en-US\",\"@id\":\"https:\/\/www.interactivemedia.az\/en\/#\/schema\/logo\/image\/\",\"url\":\"https:\/\/www.interactivemedia.az\/wp-content\/uploads\/2018\/11\/interactivemedia_logo.png\",\"contentUrl\":\"https:\/\/www.interactivemedia.az\/wp-content\/uploads\/2018\/11\/interactivemedia_logo.png\",\"width\":181,\"height\":77,\"caption\":\"Interactive Media\"},\"image\":{\"@id\":\"https:\/\/www.interactivemedia.az\/en\/#\/schema\/logo\/image\/\"},\"sameAs\":[\"https:\/\/www.facebook.com\/interactivemediaa\/\",\"https:\/\/x.com\/media_baku\"]}]}<\/script>\n<!-- \/ Yoast SEO plugin. -->","yoast_head_json":{"title":"Career - Interactive Media","robots":{"index":"index","follow":"follow","max-snippet":"max-snippet:-1","max-image-preview":"max-image-preview:large","max-video-preview":"max-video-preview:-1"},"canonical":"https:\/\/www.interactivemedia.az\/en\/career\/","og_locale":"en_US","og_type":"article","og_title":"Career - Interactive Media","og_description":"Let&#8217;s Continue Your Career Journey with a Reliable Partner! Interactive Media, an online marketing agency, is a company that provides its employees with great opportunities to develop and implement their ideas in the internet marketing field. We ensure the exchange of knowledge and experience within our team. In a short time, we have become a [&hellip;]","og_url":"https:\/\/www.interactivemedia.az\/en\/career\/","og_site_name":"Interactive Media","article_publisher":"https:\/\/www.facebook.com\/interactivemediaa\/","article_modified_time":"2025-03-17T05:10:36+00:00","og_image":[{"width":2500,"height":2500,"url":"https:\/\/www.interactivemedia.az\/wp-content\/uploads\/2019\/05\/122901.jpg","type":"image\/jpeg"}],"twitter_card":"summary_large_image","twitter_site":"@media_baku","twitter_misc":{"Est. reading time":"3 minutes"},"schema":{"@context":"https:\/\/schema.org","@graph":[{"@type":"WebPage","@id":"https:\/\/www.interactivemedia.az\/en\/career\/","url":"https:\/\/www.interactivemedia.az\/en\/career\/","name":"Career - Interactive Media","isPartOf":{"@id":"https:\/\/www.interactivemedia.az\/en\/#website"},"primaryImageOfPage":{"@id":"https:\/\/www.interactivemedia.az\/en\/career\/#primaryimage"},"image":{"@id":"https:\/\/www.interactivemedia.az\/en\/career\/#primaryimage"},"thumbnailUrl":"https:\/\/www.interactivemedia.az\/wp-content\/uploads\/2019\/05\/122901.jpg","datePublished":"2025-03-17T05:07:18+00:00","dateModified":"2025-03-17T05:10:36+00:00","breadcrumb":{"@id":"https:\/\/www.interactivemedia.az\/en\/career\/#breadcrumb"},"inLanguage":"en-US","potentialAction":[{"@type":"ReadAction","target":["https:\/\/www.interactivemedia.az\/en\/career\/"]}]},{"@type":"ImageObject","inLanguage":"en-US","@id":"https:\/\/www.interactivemedia.az\/en\/career\/#primaryimage","url":"https:\/\/www.interactivemedia.az\/wp-content\/uploads\/2019\/05\/122901.jpg","contentUrl":"https:\/\/www.interactivemedia.az\/wp-content\/uploads\/2019\/05\/122901.jpg"},{"@type":"BreadcrumbList","@id":"https:\/\/www.interactivemedia.az\/en\/career\/#breadcrumb","itemListElement":[{"@type":"ListItem","position":1,"name":"Ana S\u0259hif\u0259","item":"https:\/\/www.interactivemedia.az\/en\/"},{"@type":"ListItem","position":2,"name":"Career"}]},{"@type":"WebSite","@id":"https:\/\/www.interactivemedia.az\/en\/#website","url":"https:\/\/www.interactivemedia.az\/en\/","name":"Interactive Media","description":"Saytlar\u0131n Haz\u0131rlanmas\u0131, Sayt Haz\u0131rlanmas\u0131","publisher":{"@id":"https:\/\/www.interactivemedia.az\/en\/#organization"},"alternateName":"Saytlar\u0131n Haz\u0131rlanmas\u0131","potentialAction":[{"@type":"SearchAction","target":{"@type":"EntryPoint","urlTemplate":"https:\/\/www.interactivemedia.az\/en\/?s={search_term_string}"},"query-input":{"@type":"PropertyValueSpecification","valueRequired":true,"valueName":"search_term_string"}}],"inLanguage":"en-US"},{"@type":"Organization","@id":"https:\/\/www.interactivemedia.az\/en\/#organization","name":"Interactive Media","url":"https:\/\/www.interactivemedia.az\/en\/","logo":{"@type":"ImageObject","inLanguage":"en-US","@id":"https:\/\/www.interactivemedia.az\/en\/#\/schema\/logo\/image\/","url":"https:\/\/www.interactivemedia.az\/wp-content\/uploads\/2018\/11\/interactivemedia_logo.png","contentUrl":"https:\/\/www.interactivemedia.az\/wp-content\/uploads\/2018\/11\/interactivemedia_logo.png","width":181,"height":77,"caption":"Interactive Media"},"image":{"@id":"https:\/\/www.interactivemedia.az\/en\/#\/schema\/logo\/image\/"},"sameAs":["https:\/\/www.facebook.com\/interactivemediaa\/","https:\/\/x.com\/media_baku"]}]}},"_links":{"self":[{"href":"https:\/\/www.interactivemedia.az\/en\/wp-json\/wp\/v2\/pages\/7423","targetHints":{"allow":["GET"]}}],"collection":[{"href":"https:\/\/www.interactivemedia.az\/en\/wp-json\/wp\/v2\/pages"}],"about":[{"href":"https:\/\/www.interactivemedia.az\/en\/wp-json\/wp\/v2\/types\/page"}],"author":[{"embeddable":true,"href":"https:\/\/www.interactivemedia.az\/en\/wp-json\/wp\/v2\/users\/1"}],"replies":[{"embeddable":true,"href":"https:\/\/www.interactivemedia.az\/en\/wp-json\/wp\/v2\/comments?post=7423"}],"version-history":[{"count":5,"href":"https:\/\/www.interactivemedia.az\/en\/wp-json\/wp\/v2\/pages\/7423\/revisions"}],"predecessor-version":[{"id":7435,"href":"https:\/\/www.interactivemedia.az\/en\/wp-json\/wp\/v2\/pages\/7423\/revisions\/7435"}],"wp:attachment":[{"href":"https:\/\/www.interactivemedia.az\/en\/wp-json\/wp\/v2\/media?parent=7423"}],"curies":[{"name":"wp","href":"https:\/\/api.w.org\/{rel}","templated":true}]}}