{"id":7391,"date":"2025-03-17T08:54:01","date_gmt":"2025-03-17T04:54:01","guid":{"rendered":"https:\/\/www.interactivemedia.az\/?page_id=7391"},"modified":"2025-03-17T08:59:44","modified_gmt":"2025-03-17T04:59:44","slug":"about-us","status":"publish","type":"page","link":"https:\/\/www.interactivemedia.az\/en\/about-us\/","title":{"rendered":"About Us"},"content":{"rendered":"<div data-elementor-type=\"wp-post\" data-elementor-id=\"7391\" class=\"elementor elementor-7391\" data-elementor-post-type=\"page\">\n\t\t\t\t\t\t<section class=\"elementor-section elementor-top-section elementor-element elementor-element-c5e5879 elementor-section-boxed elementor-section-height-default elementor-section-height-default\" data-id=\"c5e5879\" data-element_type=\"section\" data-e-type=\"section\">\n\t\t\t\t\t\t<div class=\"elementor-container elementor-column-gap-default\">\n\t\t\t\t\t<div class=\"elementor-column elementor-col-100 elementor-top-column elementor-element elementor-element-2a26d4d elementor-invisible\" data-id=\"2a26d4d\" data-element_type=\"column\" data-e-type=\"column\" data-settings=\"{&quot;animation&quot;:&quot;fadeInRight&quot;}\">\n\t\t\t<div class=\"elementor-widget-wrap elementor-element-populated\">\n\t\t\t\t\t\t<div class=\"elementor-element elementor-element-4104bce hrhqq xs-heading-text elementor-align-center elementor-widget elementor-widget-xs-heading\" data-id=\"4104bce\" data-element_type=\"widget\" data-e-type=\"widget\" data-widget_type=\"xs-heading.default\">\n\t\t\t\t<div class=\"elementor-widget-container\">\n\t\t\t\t\t<div class=\"geobin-heading-title\">\n            <h2>\n            Who Are We?        <\/h2>\n            <span class=\"animate-border mr-auto ml-auto\"><\/span>\n    <\/div>\t\t\t\t<\/div>\n\t\t\t\t<\/div>\n\t\t\t\t\t<\/div>\n\t\t<\/div>\n\t\t\t\t\t<\/div>\n\t\t<\/section>\n\t\t\t\t<section class=\"elementor-section elementor-top-section elementor-element elementor-element-1768561 elementor-section-boxed elementor-section-height-default elementor-section-height-default\" data-id=\"1768561\" data-element_type=\"section\" data-e-type=\"section\">\n\t\t\t\t\t\t<div class=\"elementor-container elementor-column-gap-default\">\n\t\t\t\t\t<div class=\"elementor-column elementor-col-50 elementor-top-column elementor-element elementor-element-92fb5c9\" data-id=\"92fb5c9\" data-element_type=\"column\" data-e-type=\"column\">\n\t\t\t<div class=\"elementor-widget-wrap elementor-element-populated\">\n\t\t\t\t\t\t<div class=\"elementor-element elementor-element-be2ba6c elementor-invisible elementor-widget elementor-widget-image\" data-id=\"be2ba6c\" data-element_type=\"widget\" data-e-type=\"widget\" data-settings=\"{&quot;_animation&quot;:&quot;fadeInLeft&quot;}\" data-widget_type=\"image.default\">\n\t\t\t\t<div class=\"elementor-widget-container\">\n\t\t\t\t\t\t\t\t\t\t\t\t\t\t\t<img fetchpriority=\"high\" decoding=\"async\" width=\"514\" height=\"327\" src=\"https:\/\/www.interactivemedia.az\/wp-content\/uploads\/2018\/11\/seo-interactivemedia.png\" class=\"attachment-large size-large wp-image-3304\" alt=\"\" srcset=\"https:\/\/www.interactivemedia.az\/wp-content\/uploads\/2018\/11\/seo-interactivemedia.png 514w, https:\/\/www.interactivemedia.az\/wp-content\/uploads\/2018\/11\/seo-interactivemedia-300x191.png 300w\" sizes=\"(max-width: 514px) 100vw, 514px\" \/>\t\t\t\t\t\t\t\t\t\t\t\t\t\t\t<\/div>\n\t\t\t\t<\/div>\n\t\t\t\t\t<\/div>\n\t\t<\/div>\n\t\t\t\t<div class=\"elementor-column elementor-col-50 elementor-top-column elementor-element elementor-element-ba80b76\" data-id=\"ba80b76\" data-element_type=\"column\" data-e-type=\"column\">\n\t\t\t<div class=\"elementor-widget-wrap elementor-element-populated\">\n\t\t\t\t\t\t<div class=\"elementor-element elementor-element-8f32c54 elementor-invisible elementor-widget elementor-widget-text-editor\" data-id=\"8f32c54\" data-element_type=\"widget\" data-e-type=\"widget\" data-settings=\"{&quot;_animation&quot;:&quot;fadeInRight&quot;}\" data-widget_type=\"text-editor.default\">\n\t\t\t\t<div class=\"elementor-widget-container\">\n\t\t\t\t\t\t\t\t\t<p data-start=\"43\" data-end=\"579\">In our country, the rapid shift of consumers to the digital world is inevitable for companies to take advantage of this opportunity. Today, Google, YouTube, Instagram, and many other websites have become sources for research, entertainment, education, and information for people. Therefore, digital advertising, which already surpasses traditional advertising worldwide, is increasingly trending in our country. On the other hand, keeping pace with the rapidly developing digitalization era requires high professionalism and innovation.<\/p><p data-start=\"581\" data-end=\"838\">Interactive Media is a company highly specialized in the field of online marketing, aiming to lead its clients to great achievements in the digital world using the latest technologies. Our goal is to become the strongest company in this field in Azerbaijan.<\/p>\t\t\t\t\t\t\t\t<\/div>\n\t\t\t\t<\/div>\n\t\t\t\t\t<\/div>\n\t\t<\/div>\n\t\t\t\t\t<\/div>\n\t\t<\/section>\n\t\t\t\t<section class=\"elementor-section elementor-top-section elementor-element elementor-element-4a02c55 elementor-section-boxed elementor-section-height-default elementor-section-height-default\" data-id=\"4a02c55\" data-element_type=\"section\" data-e-type=\"section\">\n\t\t\t\t\t\t<div class=\"elementor-container elementor-column-gap-default\">\n\t\t\t\t\t<div class=\"elementor-column elementor-col-50 elementor-top-column elementor-element elementor-element-1f08f7a\" data-id=\"1f08f7a\" data-element_type=\"column\" data-e-type=\"column\">\n\t\t\t<div class=\"elementor-widget-wrap elementor-element-populated\">\n\t\t\t\t\t\t<div class=\"elementor-element elementor-element-6d2e1b7 elementor-invisible elementor-widget elementor-widget-text-editor\" data-id=\"6d2e1b7\" data-element_type=\"widget\" data-e-type=\"widget\" data-settings=\"{&quot;_animation&quot;:&quot;fadeInUp&quot;}\" data-widget_type=\"text-editor.default\">\n\t\t\t\t<div class=\"elementor-widget-container\">\n\t\t\t\t\t\t\t\t\t<p data-start=\"840\" data-end=\"1061\">Our team, managing our clients&#8217; online campaigns, has gathered work experience in online marketing in Europe and other foreign countries, consisting of certified professionals in the specific advertising areas they serve.<\/p><p data-start=\"1063\" data-end=\"1457\">The services we offer to our clients include organizing online advertisements across various channels and platforms, analyzing ad performance, tracking user behavior, website analysis, creation, and more. Interactive Media stands out not only for applying the latest technology but also for its transparent workflow, continuous customer relations, and regular updates on the performance of ads.<\/p>\t\t\t\t\t\t\t\t<\/div>\n\t\t\t\t<\/div>\n\t\t\t\t\t<\/div>\n\t\t<\/div>\n\t\t\t\t<div class=\"elementor-column elementor-col-50 elementor-top-column elementor-element elementor-element-b7fd102\" data-id=\"b7fd102\" data-element_type=\"column\" data-e-type=\"column\">\n\t\t\t<div class=\"elementor-widget-wrap elementor-element-populated\">\n\t\t\t\t\t\t<div class=\"elementor-element elementor-element-7708c43 elementor-invisible elementor-widget elementor-widget-image\" data-id=\"7708c43\" data-element_type=\"widget\" data-e-type=\"widget\" data-settings=\"{&quot;_animation&quot;:&quot;fadeInRight&quot;}\" data-widget_type=\"image.default\">\n\t\t\t\t<div class=\"elementor-widget-container\">\n\t\t\t\t\t\t\t\t\t\t\t\t\t\t\t<img decoding=\"async\" width=\"514\" height=\"327\" src=\"https:\/\/www.interactivemedia.az\/wp-content\/uploads\/2018\/11\/wekil-qariwiq.jpg\" class=\"attachment-large size-large wp-image-3312\" alt=\"onlayn marketinq, interactive media\" srcset=\"https:\/\/www.interactivemedia.az\/wp-content\/uploads\/2018\/11\/wekil-qariwiq.jpg 514w, https:\/\/www.interactivemedia.az\/wp-content\/uploads\/2018\/11\/wekil-qariwiq-300x191.jpg 300w\" sizes=\"(max-width: 514px) 100vw, 514px\" \/>\t\t\t\t\t\t\t\t\t\t\t\t\t\t\t<\/div>\n\t\t\t\t<\/div>\n\t\t\t\t\t<\/div>\n\t\t<\/div>\n\t\t\t\t\t<\/div>\n\t\t<\/section>\n\t\t\t\t<\/div>","protected":false},"excerpt":{"rendered":"<p>Who Are We? In our country, the rapid shift of consumers to the digital world is inevitable for companies to take advantage of this opportunity. Today, Google, YouTube, Instagram, and many other websites have become sources for research, entertainment, education, and information for people. Therefore, digital advertising, which already surpasses traditional advertising worldwide, is increasingly [&hellip;]<\/p>\n","protected":false},"author":1,"featured_media":0,"parent":0,"menu_order":0,"comment_status":"closed","ping_status":"closed","template":"template\/template-full-width.php","meta":{"footnotes":""},"class_list":["post-7391","page","type-page","status-publish","hentry"],"yoast_head":"<!-- This site is optimized with the Yoast SEO plugin v27.1.1 - https:\/\/yoast.com\/product\/yoast-seo-wordpress\/ -->\n<title>About Us - Interactive Media<\/title>\n<meta name=\"robots\" content=\"index, follow, max-snippet:-1, max-image-preview:large, max-video-preview:-1\" \/>\n<link rel=\"canonical\" href=\"https:\/\/www.interactivemedia.az\/en\/about-us\/\" \/>\n<meta property=\"og:locale\" content=\"en_US\" \/>\n<meta property=\"og:type\" content=\"article\" \/>\n<meta property=\"og:title\" content=\"About Us - Interactive Media\" \/>\n<meta property=\"og:description\" content=\"Who Are We? In our country, the rapid shift of consumers to the digital world is inevitable for companies to take advantage of this opportunity. Today, Google, YouTube, Instagram, and many other websites have become sources for research, entertainment, education, and information for people. Therefore, digital advertising, which already surpasses traditional advertising worldwide, is increasingly [&hellip;]\" \/>\n<meta property=\"og:url\" content=\"https:\/\/www.interactivemedia.az\/en\/about-us\/\" \/>\n<meta property=\"og:site_name\" content=\"Interactive Media\" \/>\n<meta property=\"article:publisher\" content=\"https:\/\/www.facebook.com\/interactivemediaa\/\" \/>\n<meta property=\"article:modified_time\" content=\"2025-03-17T04:59:44+00:00\" \/>\n<meta property=\"og:image\" content=\"https:\/\/www.interactivemedia.az\/wp-content\/uploads\/2018\/11\/seo-interactivemedia.png\" \/>\n\t<meta property=\"og:image:width\" content=\"514\" \/>\n\t<meta property=\"og:image:height\" content=\"327\" \/>\n\t<meta property=\"og:image:type\" content=\"image\/png\" \/>\n<meta name=\"twitter:card\" content=\"summary_large_image\" \/>\n<meta name=\"twitter:site\" content=\"@media_baku\" \/>\n<meta name=\"twitter:label1\" content=\"Est. reading time\" \/>\n\t<meta name=\"twitter:data1\" content=\"2 minutes\" \/>\n<script type=\"application\/ld+json\" class=\"yoast-schema-graph\">{\"@context\":\"https:\/\/schema.org\",\"@graph\":[{\"@type\":\"WebPage\",\"@id\":\"https:\/\/www.interactivemedia.az\/en\/about-us\/\",\"url\":\"https:\/\/www.interactivemedia.az\/en\/about-us\/\",\"name\":\"About Us - Interactive Media\",\"isPartOf\":{\"@id\":\"https:\/\/www.interactivemedia.az\/en\/#website\"},\"primaryImageOfPage\":{\"@id\":\"https:\/\/www.interactivemedia.az\/en\/about-us\/#primaryimage\"},\"image\":{\"@id\":\"https:\/\/www.interactivemedia.az\/en\/about-us\/#primaryimage\"},\"thumbnailUrl\":\"https:\/\/www.interactivemedia.az\/wp-content\/uploads\/2018\/11\/seo-interactivemedia.png\",\"datePublished\":\"2025-03-17T04:54:01+00:00\",\"dateModified\":\"2025-03-17T04:59:44+00:00\",\"breadcrumb\":{\"@id\":\"https:\/\/www.interactivemedia.az\/en\/about-us\/#breadcrumb\"},\"inLanguage\":\"en-US\",\"potentialAction\":[{\"@type\":\"ReadAction\",\"target\":[\"https:\/\/www.interactivemedia.az\/en\/about-us\/\"]}]},{\"@type\":\"ImageObject\",\"inLanguage\":\"en-US\",\"@id\":\"https:\/\/www.interactivemedia.az\/en\/about-us\/#primaryimage\",\"url\":\"https:\/\/www.interactivemedia.az\/wp-content\/uploads\/2018\/11\/seo-interactivemedia.png\",\"contentUrl\":\"https:\/\/www.interactivemedia.az\/wp-content\/uploads\/2018\/11\/seo-interactivemedia.png\"},{\"@type\":\"BreadcrumbList\",\"@id\":\"https:\/\/www.interactivemedia.az\/en\/about-us\/#breadcrumb\",\"itemListElement\":[{\"@type\":\"ListItem\",\"position\":1,\"name\":\"Ana S\u0259hif\u0259\",\"item\":\"https:\/\/www.interactivemedia.az\/en\/\"},{\"@type\":\"ListItem\",\"position\":2,\"name\":\"About Us\"}]},{\"@type\":\"WebSite\",\"@id\":\"https:\/\/www.interactivemedia.az\/en\/#website\",\"url\":\"https:\/\/www.interactivemedia.az\/en\/\",\"name\":\"Interactive Media\",\"description\":\"Saytlar\u0131n Haz\u0131rlanmas\u0131, Sayt Haz\u0131rlanmas\u0131\",\"publisher\":{\"@id\":\"https:\/\/www.interactivemedia.az\/en\/#organization\"},\"alternateName\":\"Saytlar\u0131n Haz\u0131rlanmas\u0131\",\"potentialAction\":[{\"@type\":\"SearchAction\",\"target\":{\"@type\":\"EntryPoint\",\"urlTemplate\":\"https:\/\/www.interactivemedia.az\/en\/?s={search_term_string}\"},\"query-input\":{\"@type\":\"PropertyValueSpecification\",\"valueRequired\":true,\"valueName\":\"search_term_string\"}}],\"inLanguage\":\"en-US\"},{\"@type\":\"Organization\",\"@id\":\"https:\/\/www.interactivemedia.az\/en\/#organization\",\"name\":\"Interactive Media\",\"url\":\"https:\/\/www.interactivemedia.az\/en\/\",\"logo\":{\"@type\":\"ImageObject\",\"inLanguage\":\"en-US\",\"@id\":\"https:\/\/www.interactivemedia.az\/en\/#\/schema\/logo\/image\/\",\"url\":\"https:\/\/www.interactivemedia.az\/wp-content\/uploads\/2018\/11\/interactivemedia_logo.png\",\"contentUrl\":\"https:\/\/www.interactivemedia.az\/wp-content\/uploads\/2018\/11\/interactivemedia_logo.png\",\"width\":181,\"height\":77,\"caption\":\"Interactive Media\"},\"image\":{\"@id\":\"https:\/\/www.interactivemedia.az\/en\/#\/schema\/logo\/image\/\"},\"sameAs\":[\"https:\/\/www.facebook.com\/interactivemediaa\/\",\"https:\/\/x.com\/media_baku\"]}]}<\/script>\n<!-- \/ Yoast SEO plugin. -->","yoast_head_json":{"title":"About Us - Interactive Media","robots":{"index":"index","follow":"follow","max-snippet":"max-snippet:-1","max-image-preview":"max-image-preview:large","max-video-preview":"max-video-preview:-1"},"canonical":"https:\/\/www.interactivemedia.az\/en\/about-us\/","og_locale":"en_US","og_type":"article","og_title":"About Us - Interactive Media","og_description":"Who Are We? In our country, the rapid shift of consumers to the digital world is inevitable for companies to take advantage of this opportunity. Today, Google, YouTube, Instagram, and many other websites have become sources for research, entertainment, education, and information for people. Therefore, digital advertising, which already surpasses traditional advertising worldwide, is increasingly [&hellip;]","og_url":"https:\/\/www.interactivemedia.az\/en\/about-us\/","og_site_name":"Interactive Media","article_publisher":"https:\/\/www.facebook.com\/interactivemediaa\/","article_modified_time":"2025-03-17T04:59:44+00:00","og_image":[{"width":514,"height":327,"url":"https:\/\/www.interactivemedia.az\/wp-content\/uploads\/2018\/11\/seo-interactivemedia.png","type":"image\/png"}],"twitter_card":"summary_large_image","twitter_site":"@media_baku","twitter_misc":{"Est. reading time":"2 minutes"},"schema":{"@context":"https:\/\/schema.org","@graph":[{"@type":"WebPage","@id":"https:\/\/www.interactivemedia.az\/en\/about-us\/","url":"https:\/\/www.interactivemedia.az\/en\/about-us\/","name":"About Us - Interactive Media","isPartOf":{"@id":"https:\/\/www.interactivemedia.az\/en\/#website"},"primaryImageOfPage":{"@id":"https:\/\/www.interactivemedia.az\/en\/about-us\/#primaryimage"},"image":{"@id":"https:\/\/www.interactivemedia.az\/en\/about-us\/#primaryimage"},"thumbnailUrl":"https:\/\/www.interactivemedia.az\/wp-content\/uploads\/2018\/11\/seo-interactivemedia.png","datePublished":"2025-03-17T04:54:01+00:00","dateModified":"2025-03-17T04:59:44+00:00","breadcrumb":{"@id":"https:\/\/www.interactivemedia.az\/en\/about-us\/#breadcrumb"},"inLanguage":"en-US","potentialAction":[{"@type":"ReadAction","target":["https:\/\/www.interactivemedia.az\/en\/about-us\/"]}]},{"@type":"ImageObject","inLanguage":"en-US","@id":"https:\/\/www.interactivemedia.az\/en\/about-us\/#primaryimage","url":"https:\/\/www.interactivemedia.az\/wp-content\/uploads\/2018\/11\/seo-interactivemedia.png","contentUrl":"https:\/\/www.interactivemedia.az\/wp-content\/uploads\/2018\/11\/seo-interactivemedia.png"},{"@type":"BreadcrumbList","@id":"https:\/\/www.interactivemedia.az\/en\/about-us\/#breadcrumb","itemListElement":[{"@type":"ListItem","position":1,"name":"Ana S\u0259hif\u0259","item":"https:\/\/www.interactivemedia.az\/en\/"},{"@type":"ListItem","position":2,"name":"About Us"}]},{"@type":"WebSite","@id":"https:\/\/www.interactivemedia.az\/en\/#website","url":"https:\/\/www.interactivemedia.az\/en\/","name":"Interactive Media","description":"Saytlar\u0131n Haz\u0131rlanmas\u0131, Sayt Haz\u0131rlanmas\u0131","publisher":{"@id":"https:\/\/www.interactivemedia.az\/en\/#organization"},"alternateName":"Saytlar\u0131n Haz\u0131rlanmas\u0131","potentialAction":[{"@type":"SearchAction","target":{"@type":"EntryPoint","urlTemplate":"https:\/\/www.interactivemedia.az\/en\/?s={search_term_string}"},"query-input":{"@type":"PropertyValueSpecification","valueRequired":true,"valueName":"search_term_string"}}],"inLanguage":"en-US"},{"@type":"Organization","@id":"https:\/\/www.interactivemedia.az\/en\/#organization","name":"Interactive Media","url":"https:\/\/www.interactivemedia.az\/en\/","logo":{"@type":"ImageObject","inLanguage":"en-US","@id":"https:\/\/www.interactivemedia.az\/en\/#\/schema\/logo\/image\/","url":"https:\/\/www.interactivemedia.az\/wp-content\/uploads\/2018\/11\/interactivemedia_logo.png","contentUrl":"https:\/\/www.interactivemedia.az\/wp-content\/uploads\/2018\/11\/interactivemedia_logo.png","width":181,"height":77,"caption":"Interactive Media"},"image":{"@id":"https:\/\/www.interactivemedia.az\/en\/#\/schema\/logo\/image\/"},"sameAs":["https:\/\/www.facebook.com\/interactivemediaa\/","https:\/\/x.com\/media_baku"]}]}},"_links":{"self":[{"href":"https:\/\/www.interactivemedia.az\/en\/wp-json\/wp\/v2\/pages\/7391","targetHints":{"allow":["GET"]}}],"collection":[{"href":"https:\/\/www.interactivemedia.az\/en\/wp-json\/wp\/v2\/pages"}],"about":[{"href":"https:\/\/www.interactivemedia.az\/en\/wp-json\/wp\/v2\/types\/page"}],"author":[{"embeddable":true,"href":"https:\/\/www.interactivemedia.az\/en\/wp-json\/wp\/v2\/users\/1"}],"replies":[{"embeddable":true,"href":"https:\/\/www.interactivemedia.az\/en\/wp-json\/wp\/v2\/comments?post=7391"}],"version-history":[{"count":5,"href":"https:\/\/www.interactivemedia.az\/en\/wp-json\/wp\/v2\/pages\/7391\/revisions"}],"predecessor-version":[{"id":7400,"href":"https:\/\/www.interactivemedia.az\/en\/wp-json\/wp\/v2\/pages\/7391\/revisions\/7400"}],"wp:attachment":[{"href":"https:\/\/www.interactivemedia.az\/en\/wp-json\/wp\/v2\/media?parent=7391"}],"curies":[{"name":"wp","href":"https:\/\/api.w.org\/{rel}","templated":true}]}}